{"id":340,"date":"2026-03-05T19:59:51","date_gmt":"2026-03-05T19:59:51","guid":{"rendered":"https:\/\/ifos.seolog.tr\/?page_id=340"},"modified":"2026-03-11T21:36:20","modified_gmt":"2026-03-11T21:36:20","slug":"ifos-international-federation-of-orl-societies","status":"publish","type":"page","link":"https:\/\/ifosistanbul2026.org\/en\/ifos-international-federation-of-orl-societies\/","title":{"rendered":"IFOS | International Federation of ORL Societies"},"content":{"rendered":"\t\t<div data-elementor-type=\"wp-page\" data-elementor-id=\"340\" class=\"elementor elementor-340\">\n\t\t\t\t<div class=\"elementor-element elementor-element-2cd9dd6 e-con-full e-flex e-con e-parent\" data-id=\"2cd9dd6\" data-element_type=\"container\" data-e-type=\"container\">\n\t\t\t\t<div class=\"elementor-element elementor-element-31b6f86 elementor-position-inline-start elementor-mobile-position-inline-start elementor-view-default elementor-widget elementor-widget-icon-box\" data-id=\"31b6f86\" data-element_type=\"widget\" data-e-type=\"widget\" data-widget_type=\"icon-box.default\">\n\t\t\t\t\t\t\t<div class=\"elementor-icon-box-wrapper\">\n\n\t\t\t\t\t\t<div class=\"elementor-icon-box-icon\">\n\t\t\t\t<span  class=\"elementor-icon\">\n\t\t\t\t<svg aria-hidden=\"true\" class=\"e-font-icon-svg e-fas-dot-circle\" viewBox=\"0 0 512 512\" xmlns=\"http:\/\/www.w3.org\/2000\/svg\"><path d=\"M256 8C119.033 8 8 119.033 8 256s111.033 248 248 248 248-111.033 248-248S392.967 8 256 8zm80 248c0 44.112-35.888 80-80 80s-80-35.888-80-80 35.888-80 80-80 80 35.888 80 80z\"><\/path><\/svg>\t\t\t\t<\/span>\n\t\t\t<\/div>\n\t\t\t\n\t\t\t\t\t\t<div class=\"elementor-icon-box-content\">\n\n\t\t\t\t\n\t\t\t\t\t\t\t\t\t<p class=\"elementor-icon-box-description\">\n\t\t\t\t\t\tIFOS \u0130stanbul IFOS 2026 ENT World Congress | World Otorhinolaryngology Congress\t\t\t\t\t<\/p>\n\t\t\t\t\n\t\t\t<\/div>\n\t\t\t\n\t\t<\/div>\n\t\t\t\t\t\t<\/div>\n\t\t\t\t<div class=\"elementor-element elementor-element-29c9c8d elementor-widget-divider--view-line elementor-widget elementor-widget-divider\" data-id=\"29c9c8d\" data-element_type=\"widget\" data-e-type=\"widget\" data-widget_type=\"divider.default\">\n\t\t\t\t\t\t\t<div class=\"elementor-divider\">\n\t\t\t<span class=\"elementor-divider-separator\">\n\t\t\t\t\t\t<\/span>\n\t\t<\/div>\n\t\t\t\t\t\t<\/div>\n\t\t\t\t<\/div>\n\t\t<div class=\"elementor-element elementor-element-daa25be e-con-full e-flex e-con e-parent\" data-id=\"daa25be\" data-element_type=\"container\" data-e-type=\"container\">\n\t\t\t\t<div class=\"elementor-element elementor-element-030a622 elementor-widget elementor-widget-heading\" data-id=\"030a622\" data-element_type=\"widget\" data-e-type=\"widget\" data-widget_type=\"heading.default\">\n\t\t\t\t\t<h1 class=\"elementor-heading-title elementor-size-default\">IFOS | InternatIonal FederatIon of ORL SocIetIes<\/h1>\t\t\t\t<\/div>\n\t\t\t\t<div class=\"elementor-element elementor-element-0fbe407 elementor-widget elementor-widget-html\" data-id=\"0fbe407\" data-element_type=\"widget\" data-e-type=\"widget\" data-widget_type=\"html.default\">\n\t\t\t\t\t<style>\/* IFOS HISTORY - sayfa background globalden gelsin (burada arka plan yok) *\/\r\n.ifos-history-logo{\r\n  width: 84px;       \/* g\u00f6rseldeki gibi k\u00fc\u00e7\u00fck *\/\r\n  max-width: 12%;\r\n  height: auto;\r\n  display: block;\r\n  margin: 0 0 18px 0;\r\n}\r\n\r\n.ifos-history-wrap{\r\n  width: 100%;\r\n  max-width: 980px;  \/* g\u00f6rseldeki gibi ortal\u0131 *\/\r\n  margin: 0 0 18px 0;\r\n}\r\n\r\n.ifos-history-table{\r\n  width: 100%;\r\n  border: 1px solid rgba(107,173,222,.9);\r\n  border-radius: 14px;\r\n  overflow: hidden;\r\n  background: rgba(10, 18, 26, .35); \/* hafif panel etkisi, sayfa bg\u2019yi kapatmaz *\/\r\n}\r\n\r\n.ifos-history-row{\r\n  display: grid;\r\n  grid-template-columns: 1fr 1fr 2fr; \/* Country daha geni\u015f *\/\r\n}\r\n\r\n.ifos-history-cell{\r\n  padding: 16px 18px;\r\n  border-right: 1px solid rgba(107,173,222,.65);\r\n  border-bottom: 1px solid rgba(107,173,222,.65);\r\n  color: #ffffff;\r\n  font-family: \"Varela Round\", sans-serif;\r\n  font-size: 16px;\r\n  line-height: 1.25;\r\n  font-weight: 600;\r\n}\r\n\r\n.ifos-history-row .ifos-history-cell:last-child{ border-right: none; }\r\n.ifos-history-table .ifos-history-row:last-child .ifos-history-cell{ border-bottom: none; }\r\n\r\n.ifos-history-head .ifos-history-cell{\r\n  color: #6badde;\r\n  font-weight: 700;\r\n  background: rgba(10, 18, 26, .25);\r\n}\r\n\r\n.ifos-history-row:not(.ifos-history-head):hover{\r\n  background: rgba(107,173,222,.08);\r\n}\r\n\r\n.ifos-history-row.is-highlight{\r\n  background: rgba(229, 126, 36, .08);\r\n}\r\n.ifos-history-row.is-highlight .ifos-history-cell{\r\n  color: #E57E24;\r\n  font-weight: 800;\r\n}\r\n\r\n\/* Metin alan\u0131 *\/\r\n.ifos-history-text{\r\n  max-width: 980px;\r\n  color: #ffffff;\r\n  font-family: \"Varela Round\", sans-serif;\r\n  font-size: 16px;\r\n  line-height: 1.55;\r\n  margin: 0 0 14px 0;\r\n}\r\n\r\n.ifos-link{\r\n  color: #6badde;\r\n  text-decoration: underline;\r\n}\r\n.ifos-link:hover{ opacity: .9; }\r\n\r\n\/* Mobil d\u00fczen *\/\r\n@media (max-width: 720px){\r\n  .ifos-history-wrap{ max-width: 100%; }\r\n  .ifos-history-row{ grid-template-columns: 1fr; }\r\n  .ifos-history-cell{\r\n    border-right: none;\r\n    padding: 12px 14px;\r\n    font-size: 15px;\r\n  }\r\n  .ifos-history-head{ display:none; } \/* mobilde ba\u015fl\u0131k sat\u0131r\u0131 gizle *\/\r\n}\r\n.table-heading{\r\n  color:#6badde;\r\n  font-family:\"Varela Round\", sans-serif;\r\n  font-size: 1.4empx;\r\n  letter-spacing: -.05em;\r\n  font-weight: 400;\r\n  margin: 0 0 18px 0;\r\n  text-transform: uppercase;\r\n}\r\n.ifos-history-wrap{\r\n  overflow: visible;\r\n  padding-bottom: 0;\r\n}\r\n\r\n.ifos-history-table{\r\n  width: 100%;\r\n  min-width: 0; \/* \u00d6NEML\u0130: mobilde ta\u015fmay\u0131 engeller *\/\r\n}\r\n\r\n\/* H\u00fccrelerde ta\u015fmay\u0131 k\u0131r *\/\r\n.ifos-history-cell{\r\n  min-width: 0;\r\n  overflow-wrap: anywhere;\r\n  word-break: break-word;\r\n}\r\n\r\n\/* Mobil: tablo darals\u0131n + font\/padding d\u00fc\u015fs\u00fcn *\/\r\n@media (max-width: 720px){\r\n  .ifos-history-row{\r\n    grid-template-columns: 0.9fr 0.7fr 1.4fr; \/* dar ekran i\u00e7in oran *\/\r\n  }\r\n\r\n  .ifos-history-cell{\r\n    padding: 10px 10px;\r\n    font-size: 13px;\r\n    line-height: 1.2;\r\n  }\r\n}\r\n\r\n\/* Daha k\u00fc\u00e7\u00fck ekran: biraz daha kompakt *\/\r\n@media (max-width: 420px){\r\n  .ifos-history-row{\r\n    grid-template-columns: 0.95fr 0.65fr 1.4fr;\r\n  }\r\n\r\n  .ifos-history-cell{\r\n    padding: 9px 9px;\r\n    font-size: 12px;\r\n  }\r\n}\r\n<\/style>\t\t\t\t<\/div>\n\t\t\t\t<div class=\"elementor-element elementor-element-39ed4d9 elementor-widget elementor-widget-html\" data-id=\"39ed4d9\" data-element_type=\"widget\" data-e-type=\"widget\" data-widget_type=\"html.default\">\n\t\t\t\t\t<!-- IFOS LOGO -->\r\n<img decoding=\"async\" class=\"ifos-history-logo\" src=\"\/en\/files\/b9a2ee5a-db98-4d20-b01f-5cf0a75d1f26.png\" alt=\"IFOS Logo\">\r\n\r\n<h3 class=\"table-heading\">HISTORY OF IFOS WORLD CONGRESSES<\/h3>\r\n\r\n<div class=\"ifos-history-wrap\">\r\n  <div class=\"ifos-history-table\" role=\"table\" aria-label=\"History of IFOS World Congresses\">\r\n\r\n    <div class=\"ifos-history-row ifos-history-head\" role=\"row\">\r\n      <div class=\"ifos-history-cell\" role=\"columnheader\">No of Congress<\/div>\r\n      <div class=\"ifos-history-cell\" role=\"columnheader\">Year<\/div>\r\n      <div class=\"ifos-history-cell\" role=\"columnheader\">Country<\/div>\r\n    <\/div>\r\n\r\n    <div class=\"ifos-history-row\" role=\"row\">\r\n      <div class=\"ifos-history-cell\" role=\"cell\">1st<\/div>\r\n      <div class=\"ifos-history-cell\" role=\"cell\">1928<\/div>\r\n      <div class=\"ifos-history-cell\" role=\"cell\">Copenhagen, Denmark<\/div>\r\n    <\/div>\r\n\r\n    <div class=\"ifos-history-row\" role=\"row\">\r\n      <div class=\"ifos-history-cell\" role=\"cell\">2nd<\/div>\r\n      <div class=\"ifos-history-cell\" role=\"cell\">1932<\/div>\r\n      <div class=\"ifos-history-cell\" role=\"cell\">Madrid, Spain<\/div>\r\n    <\/div>\r\n\r\n    <div class=\"ifos-history-row\" role=\"row\">\r\n      <div class=\"ifos-history-cell\" role=\"cell\">3rd<\/div>\r\n      <div class=\"ifos-history-cell\" role=\"cell\">1936<\/div>\r\n      <div class=\"ifos-history-cell\" role=\"cell\">Berlin, Germany<\/div>\r\n    <\/div>\r\n\r\n    <div class=\"ifos-history-row\" role=\"row\">\r\n      <div class=\"ifos-history-cell\" role=\"cell\">4th<\/div>\r\n      <div class=\"ifos-history-cell\" role=\"cell\">1949<\/div>\r\n      <div class=\"ifos-history-cell\" role=\"cell\">London, United Kingdom<\/div>\r\n    <\/div>\r\n\r\n    <div class=\"ifos-history-row\" role=\"row\">\r\n      <div class=\"ifos-history-cell\" role=\"cell\">5th<\/div>\r\n      <div class=\"ifos-history-cell\" role=\"cell\">1953<\/div>\r\n      <div class=\"ifos-history-cell\" role=\"cell\">Amsterdam, The Netherlands<\/div>\r\n    <\/div>\r\n\r\n    <div class=\"ifos-history-row\" role=\"row\">\r\n      <div class=\"ifos-history-cell\" role=\"cell\">6th<\/div>\r\n      <div class=\"ifos-history-cell\" role=\"cell\">1957<\/div>\r\n      <div class=\"ifos-history-cell\" role=\"cell\">Washington D.C., USA<\/div>\r\n    <\/div>\r\n\r\n    <div class=\"ifos-history-row\" role=\"row\">\r\n      <div class=\"ifos-history-cell\" role=\"cell\">7th<\/div>\r\n      <div class=\"ifos-history-cell\" role=\"cell\">1961<\/div>\r\n      <div class=\"ifos-history-cell\" role=\"cell\">Paris, France<\/div>\r\n    <\/div>\r\n\r\n    <div class=\"ifos-history-row\" role=\"row\">\r\n      <div class=\"ifos-history-cell\" role=\"cell\">8th<\/div>\r\n      <div class=\"ifos-history-cell\" role=\"cell\">1965<\/div>\r\n      <div class=\"ifos-history-cell\" role=\"cell\">Tokyo, Japan<\/div>\r\n    <\/div>\r\n\r\n    <div class=\"ifos-history-row\" role=\"row\">\r\n      <div class=\"ifos-history-cell\" role=\"cell\">9th<\/div>\r\n      <div class=\"ifos-history-cell\" role=\"cell\">1969<\/div>\r\n      <div class=\"ifos-history-cell\" role=\"cell\">Mexico City, Mexico<\/div>\r\n    <\/div>\r\n\r\n    <div class=\"ifos-history-row\" role=\"row\">\r\n      <div class=\"ifos-history-cell\" role=\"cell\">10th<\/div>\r\n      <div class=\"ifos-history-cell\" role=\"cell\">1973<\/div>\r\n      <div class=\"ifos-history-cell\" role=\"cell\">Venice, Italy<\/div>\r\n    <\/div>\r\n\r\n    <div class=\"ifos-history-row\" role=\"row\">\r\n      <div class=\"ifos-history-cell\" role=\"cell\">11th<\/div>\r\n      <div class=\"ifos-history-cell\" role=\"cell\">1977<\/div>\r\n      <div class=\"ifos-history-cell\" role=\"cell\">Buenos Aires, Argentina<\/div>\r\n    <\/div>\r\n\r\n    <div class=\"ifos-history-row\" role=\"row\">\r\n      <div class=\"ifos-history-cell\" role=\"cell\">12th<\/div>\r\n      <div class=\"ifos-history-cell\" role=\"cell\">1981<\/div>\r\n      <div class=\"ifos-history-cell\" role=\"cell\">Budapest, Hungary<\/div>\r\n    <\/div>\r\n\r\n    <div class=\"ifos-history-row\" role=\"row\">\r\n      <div class=\"ifos-history-cell\" role=\"cell\">13th<\/div>\r\n      <div class=\"ifos-history-cell\" role=\"cell\">1985<\/div>\r\n      <div class=\"ifos-history-cell\" role=\"cell\">Miami, USA<\/div>\r\n    <\/div>\r\n\r\n    <div class=\"ifos-history-row\" role=\"row\">\r\n      <div class=\"ifos-history-cell\" role=\"cell\">14th<\/div>\r\n      <div class=\"ifos-history-cell\" role=\"cell\">1989<\/div>\r\n      <div class=\"ifos-history-cell\" role=\"cell\">Madrid, Spain<\/div>\r\n    <\/div>\r\n\r\n    <div class=\"ifos-history-row\" role=\"row\">\r\n      <div class=\"ifos-history-cell\" role=\"cell\">15th<\/div>\r\n      <div class=\"ifos-history-cell\" role=\"cell\">1993<\/div>\r\n      <div class=\"ifos-history-cell\" role=\"cell\">Istanbul, T\u00fcrkiye<\/div>\r\n    <\/div>\r\n\r\n    <div class=\"ifos-history-row\" role=\"row\">\r\n      <div class=\"ifos-history-cell\" role=\"cell\">16th<\/div>\r\n      <div class=\"ifos-history-cell\" role=\"cell\">1997<\/div>\r\n      <div class=\"ifos-history-cell\" role=\"cell\">Sydney, Australia<\/div>\r\n    <\/div>\r\n\r\n    <div class=\"ifos-history-row\" role=\"row\">\r\n      <div class=\"ifos-history-cell\" role=\"cell\">17th<\/div>\r\n      <div class=\"ifos-history-cell\" role=\"cell\">2002<\/div>\r\n      <div class=\"ifos-history-cell\" role=\"cell\">Cairo, Egypt<\/div>\r\n    <\/div>\r\n\r\n    <div class=\"ifos-history-row\" role=\"row\">\r\n      <div class=\"ifos-history-cell\" role=\"cell\">18th<\/div>\r\n      <div class=\"ifos-history-cell\" role=\"cell\">2005<\/div>\r\n      <div class=\"ifos-history-cell\" role=\"cell\">Rome, Italy<\/div>\r\n    <\/div>\r\n\r\n    <div class=\"ifos-history-row\" role=\"row\">\r\n      <div class=\"ifos-history-cell\" role=\"cell\">19th<\/div>\r\n      <div class=\"ifos-history-cell\" role=\"cell\">2009<\/div>\r\n      <div class=\"ifos-history-cell\" role=\"cell\">Sao Paulo, Brazil<\/div>\r\n    <\/div>\r\n\r\n    <div class=\"ifos-history-row\" role=\"row\">\r\n      <div class=\"ifos-history-cell\" role=\"cell\">20th<\/div>\r\n      <div class=\"ifos-history-cell\" role=\"cell\">2013<\/div>\r\n      <div class=\"ifos-history-cell\" role=\"cell\">Seoul, Korea<\/div>\r\n    <\/div>\r\n\r\n    <div class=\"ifos-history-row\" role=\"row\">\r\n      <div class=\"ifos-history-cell\" role=\"cell\">21st<\/div>\r\n      <div class=\"ifos-history-cell\" role=\"cell\">2017<\/div>\r\n      <div class=\"ifos-history-cell\" role=\"cell\">Paris, France<\/div>\r\n    <\/div>\r\n\r\n    <div class=\"ifos-history-row\" role=\"row\">\r\n      <div class=\"ifos-history-cell\" role=\"cell\">22nd<\/div>\r\n      <div class=\"ifos-history-cell\" role=\"cell\">2023<\/div>\r\n      <div class=\"ifos-history-cell\" role=\"cell\">Dubai, United Arab Emirates<\/div>\r\n    <\/div>\r\n\r\n    <div class=\"ifos-history-row is-highlight\" role=\"row\">\r\n      <div class=\"ifos-history-cell\" role=\"cell\">23rd<\/div>\r\n      <div class=\"ifos-history-cell\" role=\"cell\">2026<\/div>\r\n      <div class=\"ifos-history-cell\" role=\"cell\">\u0130stanbul, T\u00fcrkiye<\/div>\r\n    <\/div>\r\n\r\n  <\/div>\r\n<\/div>\t\t\t\t<\/div>\n\t\t\t\t<div class=\"elementor-element elementor-element-bfaf3b6 elementor-widget elementor-widget-text-editor\" data-id=\"bfaf3b6\" data-element_type=\"widget\" data-e-type=\"widget\" data-widget_type=\"text-editor.default\">\n\t\t\t\t\t\t\t\t\t<div class=\"inner-text full\"><strong>IFOS &#8211; The International Federation of Otorhinolaryngological Societies<\/strong>\u00a0(<a class=\"link\" href=\"https:\/\/www.ifosworld.org\/\" target=\"_blank\" rel=\"noopener\">https:\/\/www.ifosworld.org\/<\/a>) was established in 1965 to ensure continuity between World Congresses.<br \/>The IFOS World Congress is held every four years in a different country, and in 2026, it will be held in Istanbul from\u00a0<strong>September 9-13<\/strong>\u00a0(<a class=\"link\" href=\"https:\/\/ifosistanbul2026.org\/en\/\" target=\"_blank\" rel=\"noopener\">https:\/\/ifosistanbul2026.org\/en\/<\/a>).\u00a0<\/div><div class=\"inner-text full\"><strong>The XXIII World Congress of Otorhinolaryngology &#8211; Head and Neck Surgery (IFOS 2026)<\/strong>\u00a0is the premier global event in the field of otorhinolaryngology and head &amp; neck surgery.<br \/>Bringing together thousands of specialists from around the world, this congress represents the pinnacle of knowledge exchange, innovation, and professional development in the field.<\/div><div class=\"inner-text full\"><br \/>Participating in the IFOS 2026 Istanbul Exhibition provides your company with a unique opportunity to promote its products and services to key industry players and organizations. Meet face-to-face with your target audience, foster new relationships, and network with colleagues, turning your investment into valuable business opportunities.<\/div>\t\t\t\t\t\t\t\t<\/div>\n\t\t\t\t<\/div>\n\t\t<div class=\"elementor-element elementor-element-82562ce e-con-full e-flex e-con e-parent\" data-id=\"82562ce\" data-element_type=\"container\" data-e-type=\"container\">\n\t\t\t\t<div class=\"elementor-element elementor-element-4724f72 elementor-widget elementor-widget-spacer\" data-id=\"4724f72\" data-element_type=\"widget\" data-e-type=\"widget\" data-widget_type=\"spacer.default\">\n\t\t\t\t\t\t\t<div class=\"elementor-spacer\">\n\t\t\t<div class=\"elementor-spacer-inner\"><\/div>\n\t\t<\/div>\n\t\t\t\t\t\t<\/div>\n\t\t\t\t<\/div>\n\t\t\t\t<\/div>\n\t\t","protected":false},"excerpt":{"rendered":"<p>IFOS \u0130stanbul IFOS 2026 ENT World Congress | World Otorhinolaryngology Congress IFOS | InternatIonal FederatIon of ORL SocIetIes HISTORY OF IFOS WORLD CONGRESSES No of Congress Year Country 1st 1928 Copenhagen, Denmark 2nd 1932 Madrid, Spain 3rd 1936 Berlin, Germany 4th 1949 London, United Kingdom 5th 1953 Amsterdam, The Netherlands 6th 1957 Washington D.C., USA 7th 1961 Paris, France 8th 1965 Tokyo, Japan 9th 1969 Mexico City, Mexico 10th 1973 Venice, Italy 11th 1977 Buenos Aires, Argentina 12th 1981 Budapest, Hungary 13th 1985 Miami, USA 14th 1989 Madrid, Spain 15th 1993 Istanbul, T\u00fcrkiye 16th 1997 Sydney, Australia 17th 2002 Cairo, Egypt 18th 2005 Rome, Italy 19th 2009 Sao Paulo, Brazil 20th 2013 Seoul, Korea 21st 2017 Paris, France 22nd 2023 Dubai, United Arab Emirates 23rd 2026 \u0130stanbul, T\u00fcrkiye IFOS &#8211; The International Federation of Otorhinolaryngological Societies\u00a0(https:\/\/www.ifosworld.org\/) was established in 1965 to ensure continuity between World Congresses.The IFOS World Congress is held every four years in a different country, and in 2026, it will be held in Istanbul from\u00a0September 9-13\u00a0(https:\/\/ifosistanbul2026.org\/en\/).\u00a0The XXIII World Congress of Otorhinolaryngology &#8211; Head and Neck Surgery (IFOS 2026)\u00a0is the premier global event in the field of otorhinolaryngology and head &amp; neck surgery.Bringing together thousands of specialists from around the world, this congress represents the pinnacle of knowledge exchange, innovation, and professional development in the field.Participating in the IFOS 2026 Istanbul Exhibition provides your company with a unique opportunity to promote its products and services to key industry players and organizations. Meet face-to-face with your target audience, foster new relationships, and network with colleagues, turning your investment into valuable business opportunities.<\/p>\n","protected":false},"author":1,"featured_media":0,"parent":0,"menu_order":0,"comment_status":"closed","ping_status":"closed","template":"","meta":{"footnotes":""},"class_list":["post-340","page","type-page","status-publish","hentry"],"_links":{"self":[{"href":"https:\/\/ifosistanbul2026.org\/en\/wp-json\/wp\/v2\/pages\/340","targetHints":{"allow":["GET"]}}],"collection":[{"href":"https:\/\/ifosistanbul2026.org\/en\/wp-json\/wp\/v2\/pages"}],"about":[{"href":"https:\/\/ifosistanbul2026.org\/en\/wp-json\/wp\/v2\/types\/page"}],"author":[{"embeddable":true,"href":"https:\/\/ifosistanbul2026.org\/en\/wp-json\/wp\/v2\/users\/1"}],"replies":[{"embeddable":true,"href":"https:\/\/ifosistanbul2026.org\/en\/wp-json\/wp\/v2\/comments?post=340"}],"version-history":[{"count":25,"href":"https:\/\/ifosistanbul2026.org\/en\/wp-json\/wp\/v2\/pages\/340\/revisions"}],"predecessor-version":[{"id":1334,"href":"https:\/\/ifosistanbul2026.org\/en\/wp-json\/wp\/v2\/pages\/340\/revisions\/1334"}],"wp:attachment":[{"href":"https:\/\/ifosistanbul2026.org\/en\/wp-json\/wp\/v2\/media?parent=340"}],"curies":[{"name":"wp","href":"https:\/\/api.w.org\/{rel}","templated":true}]}}