{"id":405,"date":"2026-03-05T21:03:09","date_gmt":"2026-03-05T21:03:09","guid":{"rendered":"https:\/\/ifos.seolog.tr\/?page_id=405"},"modified":"2026-03-09T14:27:22","modified_gmt":"2026-03-09T14:27:22","slug":"dates-to-remember","status":"publish","type":"page","link":"https:\/\/ifosistanbul2026.org\/en\/dates-to-remember\/","title":{"rendered":"Dates to Remember"},"content":{"rendered":"\t\t<div data-elementor-type=\"wp-page\" data-elementor-id=\"405\" class=\"elementor elementor-405\">\n\t\t\t\t<div class=\"elementor-element elementor-element-2cd9dd6 e-con-full e-flex e-con e-parent\" data-id=\"2cd9dd6\" data-element_type=\"container\" data-e-type=\"container\">\n\t\t\t\t<div class=\"elementor-element elementor-element-31b6f86 elementor-position-inline-start elementor-mobile-position-inline-start elementor-view-default elementor-widget elementor-widget-icon-box\" data-id=\"31b6f86\" data-element_type=\"widget\" data-e-type=\"widget\" data-widget_type=\"icon-box.default\">\n\t\t\t\t\t\t\t<div class=\"elementor-icon-box-wrapper\">\n\n\t\t\t\t\t\t<div class=\"elementor-icon-box-icon\">\n\t\t\t\t<span  class=\"elementor-icon\">\n\t\t\t\t<svg aria-hidden=\"true\" class=\"e-font-icon-svg e-fas-dot-circle\" viewBox=\"0 0 512 512\" xmlns=\"http:\/\/www.w3.org\/2000\/svg\"><path d=\"M256 8C119.033 8 8 119.033 8 256s111.033 248 248 248 248-111.033 248-248S392.967 8 256 8zm80 248c0 44.112-35.888 80-80 80s-80-35.888-80-80 35.888-80 80-80 80 35.888 80 80z\"><\/path><\/svg>\t\t\t\t<\/span>\n\t\t\t<\/div>\n\t\t\t\n\t\t\t\t\t\t<div class=\"elementor-icon-box-content\">\n\n\t\t\t\t\n\t\t\t\t\t\t\t\t\t<p class=\"elementor-icon-box-description\">\n\t\t\t\t\t\tIFOS \u0130stanbul IFOS 2026 ENT World Congress | World Otorhinolaryngology Congress\t\t\t\t\t<\/p>\n\t\t\t\t\n\t\t\t<\/div>\n\t\t\t\n\t\t<\/div>\n\t\t\t\t\t\t<\/div>\n\t\t\t\t<div class=\"elementor-element elementor-element-29c9c8d elementor-widget-divider--view-line elementor-widget elementor-widget-divider\" data-id=\"29c9c8d\" data-element_type=\"widget\" data-e-type=\"widget\" data-widget_type=\"divider.default\">\n\t\t\t\t\t\t\t<div class=\"elementor-divider\">\n\t\t\t<span class=\"elementor-divider-separator\">\n\t\t\t\t\t\t<\/span>\n\t\t<\/div>\n\t\t\t\t\t\t<\/div>\n\t\t\t\t<\/div>\n\t\t<div class=\"elementor-element elementor-element-daa25be e-con-full e-flex e-con e-parent\" data-id=\"daa25be\" data-element_type=\"container\" data-e-type=\"container\">\n\t\t\t\t<div class=\"elementor-element elementor-element-030a622 elementor-widget elementor-widget-heading\" data-id=\"030a622\" data-element_type=\"widget\" data-e-type=\"widget\" data-widget_type=\"heading.default\">\n\t\t\t\t\t<h1 class=\"elementor-heading-title elementor-size-default\">Dates to Remember<\/h1>\t\t\t\t<\/div>\n\t\t\t\t<div class=\"elementor-element elementor-element-0fbe407 elementor-widget elementor-widget-html\" data-id=\"0fbe407\" data-element_type=\"widget\" data-e-type=\"widget\" data-widget_type=\"html.default\">\n\t\t\t\t\t<style>.deadline-table{\r\n  width:100%;\r\n  border:1px solid #6badde;\r\n  border-radius:10px;\r\n  overflow:hidden;\r\n}\r\n\r\n.deadline-row{\r\n  display:grid;\r\n  grid-template-columns: 1fr 1fr; \/* %50 \/ %50 *\/\r\n  border-bottom:1px solid #6badde;\r\n}\r\n\r\n.deadline-row:last-child{\r\n  border-bottom:none;\r\n}\r\n\r\n.deadline-title,\r\n.deadline-date{\r\n  padding:16px 20px;\r\n  font-family:\"Varela Round\",sans-serif;\r\n  color:#fff;\r\n}\r\n\r\n.deadline-title{\r\n  border-right:1px solid #6badde;\r\n}\r\n\r\n.deadline-date{\r\n  text-align:left;\r\n  font-weight:500;\r\n}\r\n\r\n\/* Mobilde de 2 kolon kals\u0131n (alt alta d\u00fc\u015f\u00fcrme) *\/\r\n@media (max-width:768px){\r\n  .deadline-row{\r\n    grid-template-columns: 1fr 1fr; \/* yan yana *\/\r\n  }\r\n\r\n  .deadline-title,\r\n  .deadline-date{\r\n    padding: 10px 12px;\r\n    font-size: 0.85em; \/* gerekirse k\u00fc\u00e7\u00fcl\u00fcr *\/\r\n    line-height: 1.2;\r\n  }\r\n}\r\n\r\n\/* Daha k\u00fc\u00e7\u00fck ekranlarda biraz daha k\u00fc\u00e7\u00fclt *\/\r\n@media (max-width:420px){\r\n  .deadline-title,\r\n  .deadline-date{\r\n    padding: 9px 10px;\r\n    font-size: 0.8em;  \/* s\u0131n\u0131r *\/\r\n    line-height: 1.15;\r\n  }\r\n}\r\n\r\n\r\n.deadline-note{\r\n  padding: 14px 20px;\r\n  font-family:\"Varela Round\",sans-serif;\r\n  color:#fff;\r\n  border-top: 1px solid #6badde;\r\n  font-size: 14px;\r\n  line-height: 1.4;\r\n  opacity: .95;\r\n}\r\n<\/style>\t\t\t\t<\/div>\n\t\t\t\t<div class=\"elementor-element elementor-element-bc6c815 elementor-widget elementor-widget-heading\" data-id=\"bc6c815\" data-element_type=\"widget\" data-e-type=\"widget\" data-widget_type=\"heading.default\">\n\t\t\t\t\t<h3 class=\"elementor-heading-title elementor-size-default\">SCIENTIFIC<\/h3>\t\t\t\t<\/div>\n\t\t\t\t<div class=\"elementor-element elementor-element-39ed4d9 elementor-widget elementor-widget-html\" data-id=\"39ed4d9\" data-element_type=\"widget\" data-e-type=\"widget\" data-widget_type=\"html.default\">\n\t\t\t\t\t<div class=\"deadline-table\">\r\n\r\n  <div class=\"deadline-row\">\r\n    <div class=\"deadline-title\">Submission Site Opens for Proposals and Abstracts<\/div>\r\n    <div class=\"deadline-date\">01 January 2025<\/div>\r\n  <\/div>\r\n\r\n  <div class=\"deadline-row\">\r\n    <div class=\"deadline-title\">Acceptance Letters Begin to be Sent<\/div>\r\n    <div class=\"deadline-date\">01 June 2025<\/div>\r\n  <\/div>\r\n\r\n  <div class=\"deadline-row\">\r\n    <div class=\"deadline-title\">Deadline for Submission of Candidate Abstracts for Notable Oral Presentations<\/div>\r\n    <div class=\"deadline-date\">01 March 2026<\/div>\r\n  <\/div>\r\n\r\n  <div class=\"deadline-row\">\r\n    <div class=\"deadline-title\">Call for Free Papers Submission Site Closes <\/div>\r\n    <div class=\"deadline-date\">01 May 2026<\/div>\r\n  <\/div>\r\n\r\n  <div class=\"deadline-row\">\r\n    <div class=\"deadline-title\">Removal of the Abstracts Without Registration<\/div>\r\n    <div class=\"deadline-date\">10 June 2026<\/div>\r\n  <\/div>\r\n\r\n  <div class=\"deadline-row\">\r\n    <div class=\"deadline-title\">Program Finalization<\/div>\r\n    <div class=\"deadline-date\">15 July 2026<\/div>\r\n  <\/div>\r\n\r\n  <div class=\"deadline-row\">\r\n    <div class=\"deadline-title\">Deadline for Preparation of Abstract Book (online)<\/div>\r\n    <div class=\"deadline-date\">01 September 2026<\/div>\r\n  <\/div>\r\n\r\n  <div class=\"deadline-row\">\r\n    <div class=\"deadline-title\">IFOS Istanbul Congress Dates<\/div>\r\n    <div class=\"deadline-date\">09\u201313 September 2026<\/div>\r\n  <\/div>\r\n\r\n<\/div>\t\t\t\t<\/div>\n\t\t\t\t<div class=\"elementor-element elementor-element-af7dc0b elementor-widget elementor-widget-heading\" data-id=\"af7dc0b\" data-element_type=\"widget\" data-e-type=\"widget\" data-widget_type=\"heading.default\">\n\t\t\t\t\t<h3 class=\"elementor-heading-title elementor-size-default\">EXHIBITION &amp; SPONSORING\n<\/h3>\t\t\t\t<\/div>\n\t\t\t\t<div class=\"elementor-element elementor-element-3f505cc elementor-widget elementor-widget-html\" data-id=\"3f505cc\" data-element_type=\"widget\" data-e-type=\"widget\" data-widget_type=\"html.default\">\n\t\t\t\t\t<div class=\"deadline-table\">\r\n\r\n  <div class=\"deadline-row\">\r\n    <div class=\"deadline-title\">Application Period Begins for Sponsorship \/ Commercialization<\/div>\r\n    <div class=\"deadline-date\">01 January 2025<\/div>\r\n  <\/div>\r\n\r\n  <div class=\"deadline-row\">\r\n    <div class=\"deadline-title\">End of Earlybird<\/div>\r\n    <div class=\"deadline-date\">01 March 2026<\/div>\r\n  <\/div>\r\n\r\n  <div class=\"deadline-row\">\r\n    <div class=\"deadline-title\">End of Sponsorship \/ Commercialization Application Period<\/div>\r\n    <div class=\"deadline-date\">01 September 2026<\/div>\r\n  <\/div>\r\n\r\n<\/div>\t\t\t\t<\/div>\n\t\t\t\t<div class=\"elementor-element elementor-element-8b3b16c elementor-widget elementor-widget-heading\" data-id=\"8b3b16c\" data-element_type=\"widget\" data-e-type=\"widget\" data-widget_type=\"heading.default\">\n\t\t\t\t\t<h3 class=\"elementor-heading-title elementor-size-default\">REGISTRATION<\/h3>\t\t\t\t<\/div>\n\t\t\t\t<div class=\"elementor-element elementor-element-850febe elementor-widget elementor-widget-heading\" data-id=\"850febe\" data-element_type=\"widget\" data-e-type=\"widget\" data-widget_type=\"heading.default\">\n\t\t\t\t\t<p class=\"elementor-heading-title elementor-size-default\">For Participants\n<\/p>\t\t\t\t<\/div>\n\t\t\t\t<div class=\"elementor-element elementor-element-9dbd3b2 elementor-widget elementor-widget-html\" data-id=\"9dbd3b2\" data-element_type=\"widget\" data-e-type=\"widget\" data-widget_type=\"html.default\">\n\t\t\t\t\t<div class=\"deadline-table\">\r\n\r\n  <div class=\"deadline-row\">\r\n    <div class=\"deadline-title\">Early Bird Registration until<\/div>\r\n    <div class=\"deadline-date\">01 March 2026<\/div>\r\n  <\/div>\r\n\r\n  <div class=\"deadline-row\">\r\n    <div class=\"deadline-title\">Full Registration Cancellation Deadline until<\/div>\r\n    <div class=\"deadline-date\">15 March 2026<\/div>\r\n  <\/div>\r\n\r\n  <div class=\"deadline-row\">\r\n    <div class=\"deadline-title\">Normal Registration until<\/div>\r\n    <div class=\"deadline-date\">31 May 2026<\/div>\r\n  <\/div>\r\n\r\n  <div class=\"deadline-row\">\r\n    <div class=\"deadline-title\">Late Registration Deadline until<\/div>\r\n    <div class=\"deadline-date\">01 September 2026<\/div>\r\n  <\/div>\r\n\r\n  <div class=\"deadline-row\">\r\n    <div class=\"deadline-title\">Onsite Registration beginning from<\/div>\r\n    <div class=\"deadline-date\">01 September 2026<\/div>\r\n  <\/div>\r\n\r\n<\/div>\t\t\t\t<\/div>\n\t\t\t\t<div class=\"elementor-element elementor-element-b3c5f1f elementor-widget elementor-widget-heading\" data-id=\"b3c5f1f\" data-element_type=\"widget\" data-e-type=\"widget\" data-widget_type=\"heading.default\">\n\t\t\t\t\t<p class=\"elementor-heading-title elementor-size-default\">For Scientific Program Faculty (*)\n<\/p>\t\t\t\t<\/div>\n\t\t\t\t<div class=\"elementor-element elementor-element-8565593 elementor-widget elementor-widget-html\" data-id=\"8565593\" data-element_type=\"widget\" data-e-type=\"widget\" data-widget_type=\"html.default\">\n\t\t\t\t\t<div class=\"deadline-table\">\r\n\r\n  <div class=\"deadline-row\">\r\n    <div class=\"deadline-title\">Early Registration Deadline (**)<\/div>\r\n    <div class=\"deadline-date\">31 December 2025<\/div>\r\n  <\/div>\r\n\r\n  <div class=\"deadline-row\">\r\n    <div class=\"deadline-title\">Normal Registration Deadline<\/div>\r\n    <div class=\"deadline-date\">31 May 2026<\/div>\r\n  <\/div>\r\n\r\n  <div class=\"deadline-row\">\r\n    <div class=\"deadline-title\">Late Registration Deadline<\/div>\r\n    <div class=\"deadline-date\">01 September 2026<\/div>\r\n  <\/div>\r\n\r\n  <div class=\"deadline-note\">\r\n    (*) Scientific Program Faculty Member (Not free paper authors) ****\r\n  <\/div>\r\n\r\n<\/div>\t\t\t\t<\/div>\n\t\t\t\t<div class=\"elementor-element elementor-element-a397c5a elementor-widget elementor-widget-heading\" data-id=\"a397c5a\" data-element_type=\"widget\" data-e-type=\"widget\" data-widget_type=\"heading.default\">\n\t\t\t\t\t<h3 class=\"elementor-heading-title elementor-size-default\">ACCOMMODATION<\/h3>\t\t\t\t<\/div>\n\t\t\t\t<div class=\"elementor-element elementor-element-e208a86 elementor-widget elementor-widget-html\" data-id=\"e208a86\" data-element_type=\"widget\" data-e-type=\"widget\" data-widget_type=\"html.default\">\n\t\t\t\t\t<div class=\"deadline-table\">\r\n\r\n  <div class=\"deadline-row\">\r\n    <div class=\"deadline-title\">Accommodation Cancellation Deadline<\/div>\r\n    <div class=\"deadline-date\">15 March 2026<\/div>\r\n  <\/div>\r\n\r\n<\/div>\t\t\t\t<\/div>\n\t\t\t\t<\/div>\n\t\t<div class=\"elementor-element elementor-element-82562ce e-con-full e-flex e-con e-parent\" data-id=\"82562ce\" data-element_type=\"container\" data-e-type=\"container\">\n\t\t\t\t<div class=\"elementor-element elementor-element-4724f72 elementor-widget elementor-widget-spacer\" data-id=\"4724f72\" data-element_type=\"widget\" data-e-type=\"widget\" data-widget_type=\"spacer.default\">\n\t\t\t\t\t\t\t<div class=\"elementor-spacer\">\n\t\t\t<div class=\"elementor-spacer-inner\"><\/div>\n\t\t<\/div>\n\t\t\t\t\t\t<\/div>\n\t\t\t\t<\/div>\n\t\t\t\t<\/div>\n\t\t","protected":false},"excerpt":{"rendered":"<p>IFOS \u0130stanbul IFOS 2026 ENT World Congress | World Otorhinolaryngology Congress Dates to Remember SCIENTIFIC Submission Site Opens for Proposals and Abstracts 01 January 2025 Acceptance Letters Begin to be Sent 01 June 2025 Deadline for Submission of Candidate Abstracts for Notable Oral Presentations 01 March 2026 Call for Free Papers Submission Site Closes 01 May 2026 Removal of the Abstracts Without Registration 10 June 2026 Program Finalization 15 July 2026 Deadline for Preparation of Abstract Book (online) 01 September 2026 IFOS Istanbul Congress Dates 09\u201313 September 2026 EXHIBITION &amp; SPONSORING Application Period Begins for Sponsorship \/ Commercialization 01 January 2025 End of Earlybird 01 March 2026 End of Sponsorship \/ Commercialization Application Period 01 September 2026 REGISTRATION For Participants Early Bird Registration until 01 March 2026 Full Registration Cancellation Deadline until 15 March 2026 Normal Registration until 31 May 2026 Late Registration Deadline until 01 September 2026 Onsite Registration beginning from 01 September 2026 For Scientific Program Faculty (*) Early Registration Deadline (**) 31 December 2025 Normal Registration Deadline 31 May 2026 Late Registration Deadline 01 September 2026 (*) Scientific Program Faculty Member (Not free paper authors) **** ACCOMMODATION Accommodation Cancellation Deadline 15 March 2026<\/p>\n","protected":false},"author":1,"featured_media":0,"parent":0,"menu_order":0,"comment_status":"closed","ping_status":"closed","template":"","meta":{"footnotes":""},"class_list":["post-405","page","type-page","status-publish","hentry"],"_links":{"self":[{"href":"https:\/\/ifosistanbul2026.org\/en\/wp-json\/wp\/v2\/pages\/405","targetHints":{"allow":["GET"]}}],"collection":[{"href":"https:\/\/ifosistanbul2026.org\/en\/wp-json\/wp\/v2\/pages"}],"about":[{"href":"https:\/\/ifosistanbul2026.org\/en\/wp-json\/wp\/v2\/types\/page"}],"author":[{"embeddable":true,"href":"https:\/\/ifosistanbul2026.org\/en\/wp-json\/wp\/v2\/users\/1"}],"replies":[{"embeddable":true,"href":"https:\/\/ifosistanbul2026.org\/en\/wp-json\/wp\/v2\/comments?post=405"}],"version-history":[{"count":16,"href":"https:\/\/ifosistanbul2026.org\/en\/wp-json\/wp\/v2\/pages\/405\/revisions"}],"predecessor-version":[{"id":1195,"href":"https:\/\/ifosistanbul2026.org\/en\/wp-json\/wp\/v2\/pages\/405\/revisions\/1195"}],"wp:attachment":[{"href":"https:\/\/ifosistanbul2026.org\/en\/wp-json\/wp\/v2\/media?parent=405"}],"curies":[{"name":"wp","href":"https:\/\/api.w.org\/{rel}","templated":true}]}}