{"id":425,"date":"2026-03-05T21:38:06","date_gmt":"2026-03-05T21:38:06","guid":{"rendered":"https:\/\/ifos.seolog.tr\/?page_id=425"},"modified":"2026-03-11T21:58:43","modified_gmt":"2026-03-11T21:58:43","slug":"congress-venues","status":"publish","type":"page","link":"https:\/\/ifosistanbul2026.org\/en\/congress-venues\/","title":{"rendered":"Congress Venues"},"content":{"rendered":"\t\t<div data-elementor-type=\"wp-page\" data-elementor-id=\"425\" class=\"elementor elementor-425\">\n\t\t\t\t<div class=\"elementor-element elementor-element-2cd9dd6 e-con-full e-flex e-con e-parent\" data-id=\"2cd9dd6\" data-element_type=\"container\" data-e-type=\"container\">\n\t\t\t\t<div class=\"elementor-element elementor-element-31b6f86 elementor-position-inline-start elementor-mobile-position-inline-start elementor-view-default elementor-widget elementor-widget-icon-box\" data-id=\"31b6f86\" data-element_type=\"widget\" data-e-type=\"widget\" data-widget_type=\"icon-box.default\">\n\t\t\t\t\t\t\t<div class=\"elementor-icon-box-wrapper\">\n\n\t\t\t\t\t\t<div class=\"elementor-icon-box-icon\">\n\t\t\t\t<span  class=\"elementor-icon\">\n\t\t\t\t<svg aria-hidden=\"true\" class=\"e-font-icon-svg e-fas-dot-circle\" viewBox=\"0 0 512 512\" xmlns=\"http:\/\/www.w3.org\/2000\/svg\"><path d=\"M256 8C119.033 8 8 119.033 8 256s111.033 248 248 248 248-111.033 248-248S392.967 8 256 8zm80 248c0 44.112-35.888 80-80 80s-80-35.888-80-80 35.888-80 80-80 80 35.888 80 80z\"><\/path><\/svg>\t\t\t\t<\/span>\n\t\t\t<\/div>\n\t\t\t\n\t\t\t\t\t\t<div class=\"elementor-icon-box-content\">\n\n\t\t\t\t\n\t\t\t\t\t\t\t\t\t<p class=\"elementor-icon-box-description\">\n\t\t\t\t\t\tIFOS \u0130stanbul IFOS 2026 ENT World Congress | World Otorhinolaryngology Congress\t\t\t\t\t<\/p>\n\t\t\t\t\n\t\t\t<\/div>\n\t\t\t\n\t\t<\/div>\n\t\t\t\t\t\t<\/div>\n\t\t\t\t<div class=\"elementor-element elementor-element-29c9c8d elementor-widget-divider--view-line elementor-widget elementor-widget-divider\" data-id=\"29c9c8d\" data-element_type=\"widget\" data-e-type=\"widget\" data-widget_type=\"divider.default\">\n\t\t\t\t\t\t\t<div class=\"elementor-divider\">\n\t\t\t<span class=\"elementor-divider-separator\">\n\t\t\t\t\t\t<\/span>\n\t\t<\/div>\n\t\t\t\t\t\t<\/div>\n\t\t\t\t<\/div>\n\t\t<div class=\"elementor-element elementor-element-daa25be e-con-full e-flex e-con e-parent\" data-id=\"daa25be\" data-element_type=\"container\" data-e-type=\"container\">\n\t\t\t\t<div class=\"elementor-element elementor-element-030a622 elementor-widget elementor-widget-heading\" data-id=\"030a622\" data-element_type=\"widget\" data-e-type=\"widget\" data-widget_type=\"heading.default\">\n\t\t\t\t\t<h1 class=\"elementor-heading-title elementor-size-default\">CONGRESS VENUES<\/h1>\t\t\t\t<\/div>\n\t\t\t\t<div class=\"elementor-element elementor-element-0fbe407 elementor-widget elementor-widget-html\" data-id=\"0fbe407\" data-element_type=\"widget\" data-e-type=\"widget\" data-widget_type=\"html.default\">\n\t\t\t\t\t<style>\/* ICC Venue Card *\/\r\n.venue-card{\r\n  width: 100%;\r\n  border: 1px solid rgba(107,173,222,.95);\r\n  border-radius: 16px;\r\n  overflow: hidden;\r\n  background: rgba(10,18,26,.22);\r\n  box-shadow: 0 0 0 1px rgba(107,173,222,.10), 0 14px 40px rgba(0,0,0,.25);\r\n  display: grid;\r\n  grid-template-columns: 1.15fr 0.85fr;\r\n}\r\n\r\n.venue-card:hover{\r\n  box-shadow: 0 0 0 1px rgba(107,173,222,.28), 0 18px 55px rgba(107,173,222,.12);\r\n}\r\n\r\n.venue-main{\r\n  padding: 22px 22px;\r\n}\r\n\r\n.venue-title{\r\n  margin: 0 0 14px 0;\r\n  font-family: \"Varela Round\", sans-serif;\r\n  font-size: 22px;\r\n  line-height: 1.15;\r\n  font-weight: 700;\r\n  color: #4eb8e6;\r\n}\r\n\r\n.venue-logo img{\r\n  width: 120px;\r\n  max-width: 40%;\r\n  height: auto;\r\n  display: block;\r\n  margin: 10px 0 16px 0;\r\n  opacity: .95;\r\n}\r\n\r\n.venue-meta{\r\n  display: grid;\r\n  gap: 12px;\r\n}\r\n\r\n\/* Label + de\u011fer ':' sonras\u0131 bo\u015fluksuz ayn\u0131 sat\u0131r *\/\r\n.venue-meta-row{\r\n  display: block;          \/* grid yerine tek sat\u0131r ak\u0131\u015f *\/\r\n}\r\n\r\n.venue-meta-label,\r\n.venue-meta-value{\r\n  display: inline;         \/* ayn\u0131 sat\u0131r *\/\r\n  font-family: \"Varela Round\", sans-serif;\r\n  font-size: 15px;\r\n  line-height: 1.55;\r\n}\r\n\r\n.venue-meta-label{\r\n  color: #6badde;\r\n  font-weight: 700;\r\n}\r\n\r\n.venue-meta-value{\r\n  color: #ffffff;\r\n  font-weight: 400;\r\n}\r\n\r\n.venue-text{\r\n  font-family: \"Varela Round\", sans-serif;\r\n  color: rgba(255,255,255,.92);\r\n  font-weight: 400;\r\n  font-size: 15px;\r\n  line-height: 1.6;\r\n}\r\n\r\n.venue-link{\r\n  color: #6badde;\r\n  text-decoration: none;\r\n}\r\n.venue-link:hover{ opacity: .9; }\r\n\r\n.venue-actions{\r\n  margin-top: 6px;\r\n}\r\n\r\n.venue-btn{\r\n  display: inline-flex;\r\n  align-items: center;\r\n  justify-content: center;\r\n  padding: 12px 16px;\r\n  border-radius: 12px;\r\n  border: 1px solid rgba(107,173,222,.95);\r\n  color: #ffffff;\r\n  font-family: \"Varela Round\", sans-serif;\r\n  font-weight: 700;\r\n  font-size: 14px;\r\n  text-decoration: none;\r\n  background: rgba(107,173,222,.14);\r\n  transition: transform .2s ease, box-shadow .2s ease, background .2s ease, color .2s ease;\r\n}\r\n\r\n\/* Hover: yaz\u0131 turuncu *\/\r\n.venue-btn:hover{\r\n  transform: translateY(-1px);\r\n  background: rgba(107,173,222,.20);\r\n  box-shadow: 0 10px 26px rgba(107,173,222,.18);\r\n  color: #E57E24;\r\n  text-decoration:none;\r\n}\r\n\r\n\/* G\u00f6rsel taraf\u0131: arada \u00e7izgi yok + d\u0131\u015f \u00e7er\u00e7eve\/ring *\/\r\n.venue-media{\r\n  border-left: none;       \/* \u00e7izgi yok *\/\r\n  border-top: none;        \/* mobilde de \u00e7izgi olmas\u0131n *\/\r\n  display: flex;\r\n  align-items: center;\r\n  justify-content: center;\r\n  padding: 18px;           \/* d\u0131\u015f \u00e7er\u00e7eve hissi *\/\r\n}\r\n\r\n.venue-image{\r\n  width: 100%;\r\n  height: auto;\r\n  display: block;\r\n  border-radius: 18px;     \/* daha yuvarlak *\/\r\n  box-shadow: 0 0 0 2px rgba(107,173,222,.35); \/* ince ring *\/\r\n}\r\n\r\n\/* Responsive *\/\r\n@media (max-width: 900px){\r\n  .venue-card{\r\n    grid-template-columns: 1fr;\r\n  }\r\n\r\n  \/* \u00c7izgi yok kals\u0131n *\/\r\n  .venue-media{\r\n    border-top: none;\r\n  }\r\n}\r\n\r\n@media (max-width: 480px){\r\n  .venue-main{\r\n    padding: 16px 14px;\r\n  }\r\n  .venue-title{\r\n    font-size: 19px;\r\n  }\r\n  .venue-meta-label,\r\n  .venue-meta-value,\r\n  .venue-text{\r\n    font-size: 0.9em;\r\n  }\r\n  .venue-btn{\r\n    width: 100%;\r\n  }\r\n}\r\n<\/style>\t\t\t\t<\/div>\n\t\t\t\t<div class=\"elementor-element elementor-element-13392e6 elementor-widget elementor-widget-text-editor\" data-id=\"13392e6\" data-element_type=\"widget\" data-e-type=\"widget\" data-widget_type=\"text-editor.default\">\n\t\t\t\t\t\t\t\t\t<div class=\"inner-text full\">The XXIII World Congress of Otorhinolaryngology &#8211; Head and Neck Surgery (IFOS 2026) will be held at the<span style=\"color: #6badde;\">\u00a0<\/span><span style=\"color: #6badde;\">Istanbul Congress Center (ICC)<\/span>,\u00a0with additional sessions taking place in meeting halls at the\u00a0<span style=\"color: #6badde;\">Hilton Bosphorus Hotel &amp; Convention Center\u00a0<\/span> Both venues are located in the Istanbul Congress Valley.<\/div>\n<div><\/div>\n<div class=\"inner-text full\">The main meeting hall, approximately 43 parallel session rooms, and the exhibition area are planned to be located at the<span style=\"color: #6badde;\">\u00a0<\/span><span style=\"color: #6badde;\">Istanbul Congress Center (ICC)<\/span><span style=\"color: #6badde;\">,\u00a0<\/span>\u00a0while 7 session rooms are planned to be held at the\u00a0<strong><span style=\"color: #6badde;\">Hilton Bosphorus Hotel &amp; Convention Center meeting rooms<\/span>\u00a0<\/strong>situated nearby.<\/div>\n<div><\/div>\n<div class=\"inner-text full\">The two venues are just a <u>one-minute walk<\/u>\u00a0from each other, providing seamless access for attendees.<\/div>\n<div><\/div>\n<div class=\"inner-text full\">\n\nLocated in the heart of the city, the Istanbul Congress Valley is surrounded by a wide variety of hotels, restaurants, and amenities. Explore our exhibition and sponsorship prospectus to discover a range of opportunities\u2014from exhibiting to promotional activities\u2014that can enhance your visibility at\u00a0<strong>IFOS 2026 Istanbul<\/strong>.\n\n<img fetchpriority=\"high\" decoding=\"async\" class=\"header_img-33 aligncenter\" src=\"\/en\/files\/ae062c56-c4fb-4167-af25-00cc945d83a1.png\" alt=\"\" width=\"709\" height=\"490\" \/>\n\n<\/div>\t\t\t\t\t\t\t\t<\/div>\n\t\t\t\t<div class=\"elementor-element elementor-element-c4b54e1 elementor-widget elementor-widget-html\" data-id=\"c4b54e1\" data-element_type=\"widget\" data-e-type=\"widget\" data-widget_type=\"html.default\">\n\t\t\t\t\t<section class=\"venue-card\">\r\n\r\n  <div class=\"venue-main\">\r\n    <h5 class=\"venue-title\">ISTANBUL CONGRESS CENTER (ICC)<\/h5>\r\n\r\n    <div class=\"venue-logo\">\r\n      <img decoding=\"async\" src=\"\/en\/files\/1bb53ca2-130a-43d3-9f2c-673910ce5575.png\" alt=\"ICC Logo\">\r\n    <\/div>\r\n\r\n    <div class=\"venue-meta\">\r\n      <div class=\"venue-meta-row\">\r\n        <div class=\"venue-meta-label\">Main Congress Venue:<\/div>\r\n        <div class=\"venue-meta-value\">Istanbul Congress Center<\/div>\r\n      <\/div>\r\n\r\n      <div class=\"venue-text\">\r\n        Built between Istanbul L\u00fctfi K\u0131rdar Congress Center and Hilton Bosphorus Hotel, Istanbul Congress Center being the newest building of Istanbul Congress Valley was completed in 2009.\r\n      <\/div>\r\n\r\n      <div class=\"venue-meta-row\">\r\n        <div class=\"venue-meta-label\">Address:<\/div>\r\n        <div class=\"venue-meta-value\">Harbiye, Dar\u00fclbedai Cad. No: 3, 34367 \u015ei\u015fli, Istanbul, T\u00dcRK\u0130YE<\/div>\r\n      <\/div>\r\n\r\n      <div class=\"venue-meta-row\">\r\n        <div class=\"venue-meta-label\">Web:<\/div>\r\n        <div class=\"venue-meta-value\">\r\n          <a class=\"venue-link\" href=\"https:\/\/www.iccistanbul.com\/\" target=\"_blank\" rel=\"noopener\">\r\n            https:\/\/www.iccistanbul.com\/\r\n          <\/a>\r\n        <\/div>\r\n      <\/div>\r\n\r\n      <div class=\"venue-actions\">\r\n        <a class=\"venue-btn\" href=\"https:\/\/www.google.com\/maps\/place\/%C4%B0stanbul+Kongre+Merkezi\/@41.046364,28.988935,17z\/data=!4m6!3m5!1s0x14cab772bb39b717:0x5488375fff580b2d!8m2!3d41.0463638!4d28.9889354!16s%2Fm%2F0zn1_yz?ll=41.046364,28.988935&z=17&t=m&hl=tr-TR&gl=US&mapclient=embed&cid=6091179381463976749&entry=tts&shorturl=1\"\r\n           target=\"_blank\" rel=\"noopener\">\r\n          Click here for Location\r\n        <\/a>\r\n      <\/div>\r\n    <\/div>\r\n  <\/div>\r\n\r\n  <div class=\"venue-media\">\r\n    <img decoding=\"async\" src=\"\/en\/files\/a48bb3b2-9194-4a0d-86bb-6b3be992089d.png\" alt=\"Istanbul Congress Center\" class=\"venue-image\">\r\n  <\/div>\r\n\r\n<\/section>\t\t\t\t<\/div>\n\t\t\t\t<div class=\"elementor-element elementor-element-01806bf elementor-widget elementor-widget-html\" data-id=\"01806bf\" data-element_type=\"widget\" data-e-type=\"widget\" data-widget_type=\"html.default\">\n\t\t\t\t\t<section class=\"venue-card venue-card--hilton\">\r\n\r\n  <div class=\"venue-main\">\r\n    <h5 class=\"venue-title\">HILTON BOSPHORUS HOTEL &amp; CONVENTION CENTER<\/h5>\r\n\r\n    <div class=\"venue-logo\">\r\n      <img decoding=\"async\" src=\"\/en\/files\/86cc0740-e1b0-4ed1-9ce1-a0cdbea5b853.png\" alt=\"Hilton Bosphorus Logo\">\r\n    <\/div>\r\n\r\n    <div class=\"venue-meta\">\r\n      <div class=\"venue-meta-row\">\r\n        <span class=\"venue-meta-label\">2nd Congress Venue:<\/span> <span class=\"venue-meta-value\">Hilton Bosphorus Hotel and Convention Center<\/span>\r\n      <\/div>\r\n\r\n      <div class=\"venue-text\">\r\n        The Hilton Bosphorus Hotel and Convention Center is a premier venue in Istanbul, known for its state-of-the-art conference facilities and central location. It offers versatile meeting spaces and professional services, making it an ideal choice for international congresses.\r\n      <\/div>\r\n\r\n      <div class=\"venue-meta-row\">\r\n        <span class=\"venue-meta-label\">Address: <\/span><span class=\"venue-meta-value\">Harbiye, Cumhuriyet Cad. No: 50, 34367 \u015ei\u015fli, Istanbul, T\u00dcRK\u0130YE<\/span>\r\n      <\/div>\r\n\r\n      <div class=\"venue-meta-row\">\r\n        <span class=\"venue-meta-label\">Web:<\/span><span class=\"venue-meta-value\">\r\n          <a class=\"venue-link\" href=\"https:\/\/www.hilton.com\/en\/hotels\/isthitw-hilton-istanbul-bosphorus\/\" target=\"_blank\" rel=\"noopener\">\r\n            https:\/\/www.hilton.com\/en\/hotels\/isthitw-hilton-istanbul-bosphorus\/\r\n          <\/a>\r\n        <\/span>\r\n      <\/div>\r\n\r\n      <div class=\"venue-actions\">\r\n        <a class=\"venue-btn\" href=\"https:\/\/maps.app.goo.gl\/pQSRMCUQr4YeGd7G9\" target=\"_blank\" rel=\"noopener\">\r\n          Click here for Location\r\n        <\/a>\r\n      <\/div>\r\n    <\/div>\r\n  <\/div>\r\n\r\n  <div class=\"venue-media\">\r\n    <div class=\"venue-media-stack\">\r\n      <img decoding=\"async\" src=\"\/en\/files\/f17d8137-946e-47fa-a06d-5ab9dfb07df8.png\" alt=\"Hilton Bosphorus\" class=\"venue-image\">\r\n      <img decoding=\"async\" src=\"\/en\/files\/3bc2992b-1f07-4eb2-bc32-cb11f939ea8a.png\" alt=\"Hilton Bosphorus Convention Center\" class=\"venue-image\">\r\n    <\/div>\r\n  <\/div>\r\n\r\n<\/section>\t\t\t\t<\/div>\n\t\t\t\t<div class=\"elementor-element elementor-element-bc6c815 elementor-widget elementor-widget-heading\" data-id=\"bc6c815\" data-element_type=\"widget\" data-e-type=\"widget\" data-widget_type=\"heading.default\">\n\t\t\t\t\t<h5 class=\"elementor-heading-title elementor-size-default\">TRANSPORTATION to\/from THE AIRPORTS and CONGRESS VENUES<\/h5>\t\t\t\t<\/div>\n\t\t\t\t<div class=\"elementor-element elementor-element-5e743fa elementor-widget elementor-widget-text-editor\" data-id=\"5e743fa\" data-element_type=\"widget\" data-e-type=\"widget\" data-widget_type=\"text-editor.default\">\n\t\t\t\t\t\t\t\t\t<p><strong>Airport Information in Istanbul:\u00a0<\/strong>Istanbul is served by two main international airports:<\/p><ol><li><strong>Istanbul Airport (IST):<\/strong><br \/>Located on the\u00a0<u>European side,<\/u>\u00a0it is the primary international airport and one of the busiest in the world, offering extensive connections.<\/li><li><strong><span style=\"color: #6badde;\">Sabiha G\u00f6k\u00e7en International Airport (SAW):<\/span><\/strong><br \/>Situated on the\u00a0<u>Asian side,<\/u>\u00a0this airport serves both domestic and international flights and is popular for low-cost airlines.<\/li><\/ol>\t\t\t\t\t\t\t\t<\/div>\n\t\t\t\t<div class=\"elementor-element elementor-element-13d9713 elementor-widget elementor-widget-heading\" data-id=\"13d9713\" data-element_type=\"widget\" data-e-type=\"widget\" data-widget_type=\"heading.default\">\n\t\t\t\t\t<h6 class=\"elementor-heading-title elementor-size-default\">ISTANBUL AIRPORT \u2013 ISTANBUL CONGRESS CENTER<\/h6>\t\t\t\t<\/div>\n\t\t\t\t<div class=\"elementor-element elementor-element-b21f3ef elementor-widget elementor-widget-text-editor\" data-id=\"b21f3ef\" data-element_type=\"widget\" data-e-type=\"widget\" data-widget_type=\"text-editor.default\">\n\t\t\t\t\t\t\t\t\t<p>Transportation to Istanbul Airport can be provided by metropolitan \u00a0buses and HAVA\u0130ST lines.\u00a0<br \/>The closest metropolitan bus stop from \u0130stanbul Airport to \u0130stanbul Congress Center is Mecidiyek\u00f6y.<br \/>Participants can take the bus line\u00a0<strong>H-2\u00a0<\/strong><strong>Mecidiyek\u00f6y<\/strong><strong>\u00a0&#8211; \u0130stanbul Airport<\/strong>.<br \/>The line operates between 06.00 \u2013 00.00 in every 15 minutes (during day time) and between 00.00 \u2013 06.00 in every hour.<br \/>It takes 10 minutes to go from Mecidiyek\u00f6y to Istanbul Congress Center by taxi and 1 stop by metro line.<\/p>\t\t\t\t\t\t\t\t<\/div>\n\t\t\t\t<div class=\"elementor-element elementor-element-dc2bcd7 elementor-widget elementor-widget-heading\" data-id=\"dc2bcd7\" data-element_type=\"widget\" data-e-type=\"widget\" data-widget_type=\"heading.default\">\n\t\t\t\t\t<h6 class=\"elementor-heading-title elementor-size-default\">HAVA\u0130ST LINE\n<\/h6>\t\t\t\t<\/div>\n\t\t\t\t<div class=\"elementor-element elementor-element-6d417a1 elementor-widget elementor-widget-text-editor\" data-id=\"6d417a1\" data-element_type=\"widget\" data-e-type=\"widget\" data-widget_type=\"text-editor.default\">\n\t\t\t\t\t\t\t\t\t<p><strong>\u0130ST-19 Taksim &#8211; \u0130stanbul\u00a0<\/strong><br \/>The line directly goes to Taksim Square where is the city center and Istanbul Congress Center is at walking distance. The line operates 7\/24 and in every 25 minutes.\u00a0<\/p>\t\t\t\t\t\t\t\t<\/div>\n\t\t\t\t<div class=\"elementor-element elementor-element-5114e3d elementor-widget elementor-widget-heading\" data-id=\"5114e3d\" data-element_type=\"widget\" data-e-type=\"widget\" data-widget_type=\"heading.default\">\n\t\t\t\t\t<h6 class=\"elementor-heading-title elementor-size-default\">SABIHA GOKCEN AIRPORT \u2013 ISTANBUL CONGRESS CENTER\n<\/h6>\t\t\t\t<\/div>\n\t\t\t\t<div class=\"elementor-element elementor-element-5df5e44 elementor-widget elementor-widget-text-editor\" data-id=\"5df5e44\" data-element_type=\"widget\" data-e-type=\"widget\" data-widget_type=\"text-editor.default\">\n\t\t\t\t\t\t\t\t\t<p>You can reach Taksim from Sabiha G\u00f6k\u00e7en Airport by HAVABUS buses.<br \/>All public transportation vehicles depart from the passenger terminal in front of the arrival floor.<\/p>\t\t\t\t\t\t\t\t<\/div>\n\t\t\t\t<div class=\"elementor-element elementor-element-1ae2aea elementor-widget elementor-widget-heading\" data-id=\"1ae2aea\" data-element_type=\"widget\" data-e-type=\"widget\" data-widget_type=\"heading.default\">\n\t\t\t\t\t<h6 class=\"elementor-heading-title elementor-size-default\">HAVA BUS LINE Taksim - \u0130stanbul \n<\/h6>\t\t\t\t<\/div>\n\t\t\t\t<div class=\"elementor-element elementor-element-40a97b0 elementor-widget elementor-widget-text-editor\" data-id=\"40a97b0\" data-element_type=\"widget\" data-e-type=\"widget\" data-widget_type=\"text-editor.default\">\n\t\t\t\t\t\t\t\t\t<p>The line directly goes to Taksim Square. Taksim Square is the city center and Istanbul Congress Center is at walking distance from Taksim.<br \/>The line operates 7\/24 and in every 30 minutes.\u00a0<\/p>\t\t\t\t\t\t\t\t<\/div>\n\t\t\t\t<div class=\"elementor-element elementor-element-a1efb54 elementor-widget elementor-widget-html\" data-id=\"a1efb54\" data-element_type=\"widget\" data-e-type=\"widget\" data-widget_type=\"html.default\">\n\t\t\t\t\t<img decoding=\"async\" src=\"\/en\/files\/33d1021e-20e6-46e1-9deb-243b296e296d.png\" alt=\"Ist Rayli Sistem\">\t\t\t\t<\/div>\n\t\t\t\t<\/div>\n\t\t<div class=\"elementor-element elementor-element-82562ce e-con-full e-flex e-con e-parent\" data-id=\"82562ce\" data-element_type=\"container\" data-e-type=\"container\">\n\t\t\t\t<div class=\"elementor-element elementor-element-4724f72 elementor-widget elementor-widget-spacer\" data-id=\"4724f72\" data-element_type=\"widget\" data-e-type=\"widget\" data-widget_type=\"spacer.default\">\n\t\t\t\t\t\t\t<div class=\"elementor-spacer\">\n\t\t\t<div class=\"elementor-spacer-inner\"><\/div>\n\t\t<\/div>\n\t\t\t\t\t\t<\/div>\n\t\t\t\t<\/div>\n\t\t\t\t<\/div>\n\t\t","protected":false},"excerpt":{"rendered":"<p>IFOS \u0130stanbul IFOS 2026 ENT World Congress | World Otorhinolaryngology Congress CONGRESS VENUES The XXIII World Congress of Otorhinolaryngology &#8211; Head and Neck Surgery (IFOS 2026) will be held at the\u00a0Istanbul Congress Center (ICC),\u00a0with additional sessions taking place in meeting halls at the\u00a0Hilton Bosphorus Hotel &amp; Convention Center\u00a0 Both venues are located in the Istanbul Congress Valley. The main meeting hall, approximately 43 parallel session rooms, and the exhibition area are planned to be located at the\u00a0Istanbul Congress Center (ICC),\u00a0\u00a0while 7 session rooms are planned to be held at the\u00a0Hilton Bosphorus Hotel &amp; Convention Center meeting rooms\u00a0situated nearby. The two venues are just a one-minute walk\u00a0from each other, providing seamless access for attendees. Located in the heart of the city, the Istanbul Congress Valley is surrounded by a wide variety of hotels, restaurants, and amenities. Explore our exhibition and sponsorship prospectus to discover a range of opportunities\u2014from exhibiting to promotional activities\u2014that can enhance your visibility at\u00a0IFOS 2026 Istanbul. ISTANBUL CONGRESS CENTER (ICC) Main Congress Venue: Istanbul Congress Center Built between Istanbul L\u00fctfi K\u0131rdar Congress Center and Hilton Bosphorus Hotel, Istanbul Congress Center being the newest building of Istanbul Congress Valley was completed in 2009. Address: Harbiye, Dar\u00fclbedai Cad. No: 3, 34367 \u015ei\u015fli, Istanbul, T\u00dcRK\u0130YE Web: https:\/\/www.iccistanbul.com\/ Click here for Location HILTON BOSPHORUS HOTEL &amp; CONVENTION CENTER 2nd Congress Venue: Hilton Bosphorus Hotel and Convention Center The Hilton Bosphorus Hotel and Convention Center is a premier venue in Istanbul, known for its state-of-the-art conference facilities and central location. It offers versatile meeting spaces and professional services, making it an ideal choice for international congresses. Address: Harbiye, Cumhuriyet Cad. No: 50, 34367 \u015ei\u015fli, Istanbul, T\u00dcRK\u0130YE Web: https:\/\/www.hilton.com\/en\/hotels\/isthitw-hilton-istanbul-bosphorus\/ Click here for Location TRANSPORTATION to\/from THE AIRPORTS and CONGRESS VENUES Airport Information in Istanbul:\u00a0Istanbul is served by two main international airports: Istanbul Airport (IST):Located on the\u00a0European side,\u00a0it is the primary international airport and one of the busiest in the world, offering extensive connections. Sabiha G\u00f6k\u00e7en International Airport (SAW):Situated on the\u00a0Asian side,\u00a0this airport serves both domestic and international flights and is popular for low-cost airlines. ISTANBUL AIRPORT \u2013 ISTANBUL CONGRESS CENTER Transportation to Istanbul Airport can be provided by metropolitan \u00a0buses and HAVA\u0130ST lines.\u00a0The closest metropolitan bus stop from \u0130stanbul Airport to \u0130stanbul Congress Center is Mecidiyek\u00f6y.Participants can take the bus line\u00a0H-2\u00a0Mecidiyek\u00f6y\u00a0&#8211; \u0130stanbul Airport.The line operates between 06.00 \u2013 00.00 in every 15 minutes (during day time) and between 00.00 \u2013 06.00 in every hour.It takes 10 minutes to go from Mecidiyek\u00f6y to Istanbul Congress Center by taxi and 1 stop by metro line. HAVA\u0130ST LINE \u0130ST-19 Taksim &#8211; \u0130stanbul\u00a0The line directly goes to Taksim Square where is the city center and Istanbul Congress Center is at walking distance. The line operates 7\/24 and in every 25 minutes.\u00a0 SABIHA GOKCEN AIRPORT \u2013 ISTANBUL CONGRESS CENTER You can reach Taksim from Sabiha G\u00f6k\u00e7en Airport by HAVABUS buses.All public transportation vehicles depart from the passenger terminal in front of the arrival floor. HAVA BUS LINE Taksim &#8211; \u0130stanbul The line directly goes to Taksim Square. Taksim Square is the city center and Istanbul Congress Center is at walking distance from Taksim.The line operates 7\/24 and in every 30 minutes.\u00a0<\/p>\n","protected":false},"author":1,"featured_media":0,"parent":0,"menu_order":0,"comment_status":"closed","ping_status":"closed","template":"","meta":{"footnotes":""},"class_list":["post-425","page","type-page","status-publish","hentry"],"_links":{"self":[{"href":"https:\/\/ifosistanbul2026.org\/en\/wp-json\/wp\/v2\/pages\/425","targetHints":{"allow":["GET"]}}],"collection":[{"href":"https:\/\/ifosistanbul2026.org\/en\/wp-json\/wp\/v2\/pages"}],"about":[{"href":"https:\/\/ifosistanbul2026.org\/en\/wp-json\/wp\/v2\/types\/page"}],"author":[{"embeddable":true,"href":"https:\/\/ifosistanbul2026.org\/en\/wp-json\/wp\/v2\/users\/1"}],"replies":[{"embeddable":true,"href":"https:\/\/ifosistanbul2026.org\/en\/wp-json\/wp\/v2\/comments?post=425"}],"version-history":[{"count":35,"href":"https:\/\/ifosistanbul2026.org\/en\/wp-json\/wp\/v2\/pages\/425\/revisions"}],"predecessor-version":[{"id":1340,"href":"https:\/\/ifosistanbul2026.org\/en\/wp-json\/wp\/v2\/pages\/425\/revisions\/1340"}],"wp:attachment":[{"href":"https:\/\/ifosistanbul2026.org\/en\/wp-json\/wp\/v2\/media?parent=425"}],"curies":[{"name":"wp","href":"https:\/\/api.w.org\/{rel}","templated":true}]}}