{"id":458,"date":"2026-03-05T22:11:57","date_gmt":"2026-03-05T22:11:57","guid":{"rendered":"https:\/\/ifos.seolog.tr\/?page_id=458"},"modified":"2026-03-06T13:42:52","modified_gmt":"2026-03-06T13:42:52","slug":"sponsor-opportunities","status":"publish","type":"page","link":"https:\/\/ifosistanbul2026.org\/en\/sponsor-opportunities\/","title":{"rendered":"Sponsor Opportunities"},"content":{"rendered":"\t\t<div data-elementor-type=\"wp-page\" data-elementor-id=\"458\" class=\"elementor elementor-458\">\n\t\t\t\t<div class=\"elementor-element elementor-element-2cd9dd6 e-con-full e-flex e-con e-parent\" data-id=\"2cd9dd6\" data-element_type=\"container\" data-e-type=\"container\">\n\t\t\t\t<div class=\"elementor-element elementor-element-31b6f86 elementor-position-inline-start elementor-mobile-position-inline-start elementor-view-default elementor-widget elementor-widget-icon-box\" data-id=\"31b6f86\" data-element_type=\"widget\" data-e-type=\"widget\" data-widget_type=\"icon-box.default\">\n\t\t\t\t\t\t\t<div class=\"elementor-icon-box-wrapper\">\n\n\t\t\t\t\t\t<div class=\"elementor-icon-box-icon\">\n\t\t\t\t<span  class=\"elementor-icon\">\n\t\t\t\t<svg aria-hidden=\"true\" class=\"e-font-icon-svg e-fas-dot-circle\" viewBox=\"0 0 512 512\" xmlns=\"http:\/\/www.w3.org\/2000\/svg\"><path d=\"M256 8C119.033 8 8 119.033 8 256s111.033 248 248 248 248-111.033 248-248S392.967 8 256 8zm80 248c0 44.112-35.888 80-80 80s-80-35.888-80-80 35.888-80 80-80 80 35.888 80 80z\"><\/path><\/svg>\t\t\t\t<\/span>\n\t\t\t<\/div>\n\t\t\t\n\t\t\t\t\t\t<div class=\"elementor-icon-box-content\">\n\n\t\t\t\t\n\t\t\t\t\t\t\t\t\t<p class=\"elementor-icon-box-description\">\n\t\t\t\t\t\tIFOS \u0130stanbul IFOS 2026 ENT World Congress | World Otorhinolaryngology Congress\t\t\t\t\t<\/p>\n\t\t\t\t\n\t\t\t<\/div>\n\t\t\t\n\t\t<\/div>\n\t\t\t\t\t\t<\/div>\n\t\t\t\t<div class=\"elementor-element elementor-element-29c9c8d elementor-widget-divider--view-line elementor-widget elementor-widget-divider\" data-id=\"29c9c8d\" data-element_type=\"widget\" data-e-type=\"widget\" data-widget_type=\"divider.default\">\n\t\t\t\t\t\t\t<div class=\"elementor-divider\">\n\t\t\t<span class=\"elementor-divider-separator\">\n\t\t\t\t\t\t<\/span>\n\t\t<\/div>\n\t\t\t\t\t\t<\/div>\n\t\t\t\t<\/div>\n\t\t<div class=\"elementor-element elementor-element-daa25be e-con-full e-flex e-con e-parent\" data-id=\"daa25be\" data-element_type=\"container\" data-e-type=\"container\">\n\t\t\t\t<div class=\"elementor-element elementor-element-030a622 elementor-widget elementor-widget-heading\" data-id=\"030a622\" data-element_type=\"widget\" data-e-type=\"widget\" data-widget_type=\"heading.default\">\n\t\t\t\t\t<h1 class=\"elementor-heading-title elementor-size-default\">Sponsor OpportunItIes<\/h1>\t\t\t\t<\/div>\n\t\t\t\t<div class=\"elementor-element elementor-element-13d9713 elementor-widget elementor-widget-heading\" data-id=\"13d9713\" data-element_type=\"widget\" data-e-type=\"widget\" data-widget_type=\"heading.default\">\n\t\t\t\t\t<h4 class=\"elementor-heading-title elementor-size-default\">Join Us as a Industry Partner at IFOS 2026!<\/h4>\t\t\t\t<\/div>\n\t\t\t\t<div class=\"elementor-element elementor-element-0fbe407 elementor-widget elementor-widget-html\" data-id=\"0fbe407\" data-element_type=\"widget\" data-e-type=\"widget\" data-widget_type=\"html.default\">\n\t\t\t\t\t<style>\r\n.attention-button {\r\n    font-family: \"Varela Round\", sans-serif;\r\n  display: inline-block;\r\n  margin-top: 15px;\r\n  padding: 14px 28px;\r\n  background: linear-gradient(135deg, #00c6ff, #0072ff);\r\n  color: #ffffff !important;\r\n  font-weight: 400;\r\n  text-decoration: none !important; \/* Alt \u00e7izgiyi kald\u0131r\u0131r *\/\r\n  border-radius: 50px;\r\n  box-shadow: 0 0 0 rgba(0,114,255,0.6);\r\n  transition: all 0.3s ease;\r\n  animation: pulse 2.2s infinite;\r\n}\r\n\r\n\/* Hover efekti *\/\r\n.attention-button:hover {\r\n  transform: translateY(-3px) scale(1.05);\r\n  box-shadow: 0 10px 25px rgba(0,114,255,0.9);\r\n  background: linear-gradient(135deg, #0072ff, #00c6ff);\r\n  text-decoration: none !important;\r\n}\r\n\r\n\/* Daha b\u00fcy\u00fck dalga animasyonu *\/\r\n@keyframes pulse {\r\n  0% {\r\n    box-shadow: 0 0 0 0 rgba(0,114,255,0.7);\r\n  }\r\n  70% {\r\n    box-shadow: 0 0 0 22px rgba(0,114,255,0); \/* \u2190 Dalga \u00e7ap\u0131 b\u00fcy\u00fct\u00fcld\u00fc *\/\r\n  }\r\n  100% {\r\n    box-shadow: 0 0 0 0 rgba(0,114,255,0);\r\n  }\r\n}<\/style>\t\t\t\t<\/div>\n\t\t\t\t<div class=\"elementor-element elementor-element-13392e6 elementor-widget elementor-widget-text-editor\" data-id=\"13392e6\" data-element_type=\"widget\" data-e-type=\"widget\" data-widget_type=\"text-editor.default\">\n\t\t\t\t\t\t\t\t\t<div class=\"inner-text full\">IFOS 2026 Organizing Committee would like to invite industry partners to be part of the<strong>\u00a0XXIII. World Congress of Otorhinolaryngology Head and Neck Surgery (IFOS 2026)<\/strong>, taking place in\u00a0<strong>Istanbul\u00a0<\/strong>from\u00a0<strong>September 9-13, 2026<\/strong>.\u00a0<br \/><br \/>This prestigious event will bring together global experts in otorhinolaryngology, offering a unique platform for visibility, networking, and collaboration.\u00a0<br \/><br \/>Explore our sponsorship opportunities and showcase your brand to a worldwide audience.!<\/div>\t\t\t\t\t\t\t\t<\/div>\n\t\t\t\t<div class=\"elementor-element elementor-element-4715d3f elementor-widget elementor-widget-html\" data-id=\"4715d3f\" data-element_type=\"widget\" data-e-type=\"widget\" data-widget_type=\"html.default\">\n\t\t\t\t\t<div class=\"download\">\n  <a href=\"\/files\/7af26ecf-e454-4457-8e4d-f6dee0d1e79e.pdf\" target=\"_blank\" class=\"attention-button\">\n    Click here to view the Sponsorship and Exhibition Prospectus\n  <\/a><br>\n\n  <a href=\"\/files\/47c2fdeb-f0cd-4aa3-bca8-ce541955c19e.pdf\" target=\"_blank\" class=\"attention-button\">\n    Click here to download the Booking Form\n  <\/a><br>\n\n  <a href=\"\/files\/a4960d77-1a81-4cd7-9070-948528d06395.pdf\" target=\"_blank\" class=\"attention-button\">\n    Click here to download the Space Rental Form\n  <\/a>\n<\/div>\t\t\t\t<\/div>\n\t\t\t\t<div class=\"elementor-element elementor-element-d873f1c elementor-widget elementor-widget-text-editor\" data-id=\"d873f1c\" data-element_type=\"widget\" data-e-type=\"widget\" data-widget_type=\"text-editor.default\">\n\t\t\t\t\t\t\t\t\t<div class=\"inner-text full\"><p><strong>For more information, please contact:\u00a0<\/strong><br \/><a class=\"link\" href=\"mailto:info@ifosistanbul2026.org\">info@ifosistanbul2026.org<\/a><\/p><\/div>\t\t\t\t\t\t\t\t<\/div>\n\t\t\t\t<\/div>\n\t\t<div class=\"elementor-element elementor-element-82562ce e-con-full e-flex e-con e-parent\" data-id=\"82562ce\" data-element_type=\"container\" data-e-type=\"container\">\n\t\t\t\t<div class=\"elementor-element elementor-element-4724f72 elementor-widget elementor-widget-spacer\" data-id=\"4724f72\" data-element_type=\"widget\" data-e-type=\"widget\" data-widget_type=\"spacer.default\">\n\t\t\t\t\t\t\t<div class=\"elementor-spacer\">\n\t\t\t<div class=\"elementor-spacer-inner\"><\/div>\n\t\t<\/div>\n\t\t\t\t\t\t<\/div>\n\t\t\t\t<\/div>\n\t\t\t\t<\/div>\n\t\t","protected":false},"excerpt":{"rendered":"<p>IFOS \u0130stanbul IFOS 2026 ENT World Congress | World Otorhinolaryngology Congress Sponsor OpportunItIes Join Us as a Industry Partner at IFOS 2026! IFOS 2026 Organizing Committee would like to invite industry partners to be part of the\u00a0XXIII. World Congress of Otorhinolaryngology Head and Neck Surgery (IFOS 2026), taking place in\u00a0Istanbul\u00a0from\u00a0September 9-13, 2026.\u00a0 This prestigious event will bring together global experts in otorhinolaryngology, offering a unique platform for visibility, networking, and collaboration.\u00a0 Explore our sponsorship opportunities and showcase your brand to a worldwide audience.! Click here to view the Sponsorship and Exhibition Prospectus Click here to download the Booking Form Click here to download the Space Rental Form For more information, please contact:\u00a0info@ifosistanbul2026.org<\/p>\n","protected":false},"author":1,"featured_media":0,"parent":0,"menu_order":0,"comment_status":"closed","ping_status":"closed","template":"","meta":{"footnotes":""},"class_list":["post-458","page","type-page","status-publish","hentry"],"_links":{"self":[{"href":"https:\/\/ifosistanbul2026.org\/en\/wp-json\/wp\/v2\/pages\/458","targetHints":{"allow":["GET"]}}],"collection":[{"href":"https:\/\/ifosistanbul2026.org\/en\/wp-json\/wp\/v2\/pages"}],"about":[{"href":"https:\/\/ifosistanbul2026.org\/en\/wp-json\/wp\/v2\/types\/page"}],"author":[{"embeddable":true,"href":"https:\/\/ifosistanbul2026.org\/en\/wp-json\/wp\/v2\/users\/1"}],"replies":[{"embeddable":true,"href":"https:\/\/ifosistanbul2026.org\/en\/wp-json\/wp\/v2\/comments?post=458"}],"version-history":[{"count":10,"href":"https:\/\/ifosistanbul2026.org\/en\/wp-json\/wp\/v2\/pages\/458\/revisions"}],"predecessor-version":[{"id":866,"href":"https:\/\/ifosistanbul2026.org\/en\/wp-json\/wp\/v2\/pages\/458\/revisions\/866"}],"wp:attachment":[{"href":"https:\/\/ifosistanbul2026.org\/en\/wp-json\/wp\/v2\/media?parent=458"}],"curies":[{"name":"wp","href":"https:\/\/api.w.org\/{rel}","templated":true}]}}