{"id":467,"date":"2026-03-05T22:21:47","date_gmt":"2026-03-05T22:21:47","guid":{"rendered":"https:\/\/ifos.seolog.tr\/?page_id=467"},"modified":"2026-03-10T20:26:18","modified_gmt":"2026-03-10T20:26:18","slug":"download","status":"publish","type":"page","link":"https:\/\/ifosistanbul2026.org\/en\/download\/","title":{"rendered":"Download"},"content":{"rendered":"\t\t<div data-elementor-type=\"wp-page\" data-elementor-id=\"467\" class=\"elementor elementor-467\">\n\t\t\t\t<div class=\"elementor-element elementor-element-2cd9dd6 e-con-full e-flex e-con e-parent\" data-id=\"2cd9dd6\" data-element_type=\"container\" data-e-type=\"container\">\n\t\t\t\t<div class=\"elementor-element elementor-element-31b6f86 elementor-position-inline-start elementor-mobile-position-inline-start elementor-view-default elementor-widget elementor-widget-icon-box\" data-id=\"31b6f86\" data-element_type=\"widget\" data-e-type=\"widget\" data-widget_type=\"icon-box.default\">\n\t\t\t\t\t\t\t<div class=\"elementor-icon-box-wrapper\">\n\n\t\t\t\t\t\t<div class=\"elementor-icon-box-icon\">\n\t\t\t\t<span  class=\"elementor-icon\">\n\t\t\t\t<svg aria-hidden=\"true\" class=\"e-font-icon-svg e-fas-dot-circle\" viewBox=\"0 0 512 512\" xmlns=\"http:\/\/www.w3.org\/2000\/svg\"><path d=\"M256 8C119.033 8 8 119.033 8 256s111.033 248 248 248 248-111.033 248-248S392.967 8 256 8zm80 248c0 44.112-35.888 80-80 80s-80-35.888-80-80 35.888-80 80-80 80 35.888 80 80z\"><\/path><\/svg>\t\t\t\t<\/span>\n\t\t\t<\/div>\n\t\t\t\n\t\t\t\t\t\t<div class=\"elementor-icon-box-content\">\n\n\t\t\t\t\n\t\t\t\t\t\t\t\t\t<p class=\"elementor-icon-box-description\">\n\t\t\t\t\t\tIFOS \u0130stanbul IFOS 2026 ENT World Congress | World Otorhinolaryngology Congress\t\t\t\t\t<\/p>\n\t\t\t\t\n\t\t\t<\/div>\n\t\t\t\n\t\t<\/div>\n\t\t\t\t\t\t<\/div>\n\t\t\t\t<div class=\"elementor-element elementor-element-29c9c8d elementor-widget-divider--view-line elementor-widget elementor-widget-divider\" data-id=\"29c9c8d\" data-element_type=\"widget\" data-e-type=\"widget\" data-widget_type=\"divider.default\">\n\t\t\t\t\t\t\t<div class=\"elementor-divider\">\n\t\t\t<span class=\"elementor-divider-separator\">\n\t\t\t\t\t\t<\/span>\n\t\t<\/div>\n\t\t\t\t\t\t<\/div>\n\t\t\t\t<\/div>\n\t\t<div class=\"elementor-element elementor-element-daa25be e-con-full e-flex e-con e-parent\" data-id=\"daa25be\" data-element_type=\"container\" data-e-type=\"container\">\n\t\t\t\t<div class=\"elementor-element elementor-element-030a622 elementor-widget elementor-widget-heading\" data-id=\"030a622\" data-element_type=\"widget\" data-e-type=\"widget\" data-widget_type=\"heading.default\">\n\t\t\t\t\t<h1 class=\"elementor-heading-title elementor-size-default\">Download<\/h1>\t\t\t\t<\/div>\n\t\t\t\t<div class=\"elementor-element elementor-element-13d9713 elementor-widget elementor-widget-heading\" data-id=\"13d9713\" data-element_type=\"widget\" data-e-type=\"widget\" data-widget_type=\"heading.default\">\n\t\t\t\t\t<h4 class=\"elementor-heading-title elementor-size-default\">Join Us as a Industry Partner at IFOS 2026!<\/h4>\t\t\t\t<\/div>\n\t\t\t\t<div class=\"elementor-element elementor-element-0fbe407 elementor-widget elementor-widget-html\" data-id=\"0fbe407\" data-element_type=\"widget\" data-e-type=\"widget\" data-widget_type=\"html.default\">\n\t\t\t\t\t<style>\r\n.attention-button {\r\n    font-family: \"Varela Round\", sans-serif;\r\n  display: inline-block;\r\n  margin-top: 15px;\r\n  padding: 14px 28px;\r\n  background: linear-gradient(135deg, #00c6ff, #0072ff);\r\n  color: #ffffff !important;\r\n  font-weight: 400;\r\n  text-decoration: none !important; \/* Alt \u00e7izgiyi kald\u0131r\u0131r *\/\r\n  border-radius: 50px;\r\n  box-shadow: 0 0 0 rgba(0,114,255,0.6);\r\n  transition: all 0.3s ease;\r\n  animation: pulse 2.2s infinite;\r\n}\r\n\r\n\/* Hover efekti *\/\r\n.attention-button:hover {\r\n  transform: translateY(-3px) scale(1.05);\r\n  box-shadow: 0 10px 25px rgba(0,114,255,0.9);\r\n  background: linear-gradient(135deg, #0072ff, #00c6ff);\r\n  text-decoration: none !important;\r\n}\r\n\r\n\/* Daha b\u00fcy\u00fck dalga animasyonu *\/\r\n@keyframes pulse {\r\n  0% {\r\n    box-shadow: 0 0 0 0 rgba(0,114,255,0.7);\r\n  }\r\n  70% {\r\n    box-shadow: 0 0 0 22px rgba(0,114,255,0); \/* \u2190 Dalga \u00e7ap\u0131 b\u00fcy\u00fct\u00fcld\u00fc *\/\r\n  }\r\n  100% {\r\n    box-shadow: 0 0 0 0 rgba(0,114,255,0);\r\n  }\r\n}<\/style>\t\t\t\t<\/div>\n\t\t\t\t<div class=\"elementor-element elementor-element-4715d3f elementor-widget elementor-widget-html\" data-id=\"4715d3f\" data-element_type=\"widget\" data-e-type=\"widget\" data-widget_type=\"html.default\">\n\t\t\t\t\t<div class=\"download\">\r\n  <a href=\"\/files\/ifos_Istanbul_presentation_slide_save the date.pptx\" target=\"_blank\" class=\"attention-button\" style='font-family:\"Varela Round\",sans-serif;'>\r\n    IFOS Istanbul Presentation Slide Sample (Save the date)\r\n  <\/a><br>\r\n\r\n  <a href=\"\/files\/ifos_Istanbul_presentation_slide.pptx\" target=\"_blank\" class=\"attention-button\" style='font-family:\"Varela Round\",sans-serif;'>\r\n    IFOS Istanbul Presentation Slide Sample\r\n  <\/a><br>\r\n\r\n  <a href=\"\/files\/IFOS_LOGO.png\" target=\"_blank\" class=\"attention-button\" style='font-family:\"Varela Round\",sans-serif;'>\r\n    IFOS Logo\r\n  <\/a><br>\r\n\r\n  <a href=\"\/files\/welcome_to_istanbul-IFOS.jpg\" target=\"_blank\" class=\"attention-button\" style='font-family:\"Varela Round\",sans-serif;'>\r\n    Welcome to Istanbul - IFOS\r\n  <\/a><br>\r\n\r\n  <a href=\"\/files\/IFOS_Poster.jpg\" target=\"_blank\" class=\"attention-button\" style='font-family:\"Varela Round\",sans-serif;'>\r\n    IFOS Poster\r\n  <\/a><br>\r\n\r\n  <a href=\"\/files\/e1e244c0-01bc-4580-8e12-3d53c5dab793.pdf\" target=\"_blank\" class=\"attention-button\" style='font-family:\"Varela Round\",sans-serif;'>\r\n    Announcement_IFOS Istanbul A5\r\n  <\/a><br>\r\n\r\n  <a href=\"\/files\/fa2ce24c-cf76-4dbb-8843-099436066685.pdf\" target=\"_blank\" class=\"attention-button\" style='font-family:\"Varela Round\",sans-serif;'>Please click here to download DETAILED GUIDELINES FOR MODERATORS CHAIRS AND CO-CHAIRS\r\n  <\/a><br>\r\n\r\n  <a href=\"\/files\/ab7475ba-4cb4-4301-8db7-497ffe9ddf7e.pdf\" target=\"_blank\" class=\"attention-button\" style='font-family:\"Varela Round\",sans-serif;'>Please click here to download SCIENTIFIC SESSION FORMATS\r\n  <\/a>\r\n<\/div>\t\t\t\t<\/div>\n\t\t\t\t<\/div>\n\t\t<div class=\"elementor-element elementor-element-82562ce e-con-full e-flex e-con e-parent\" data-id=\"82562ce\" data-element_type=\"container\" data-e-type=\"container\">\n\t\t\t\t<div class=\"elementor-element elementor-element-4724f72 elementor-widget elementor-widget-spacer\" data-id=\"4724f72\" data-element_type=\"widget\" data-e-type=\"widget\" data-widget_type=\"spacer.default\">\n\t\t\t\t\t\t\t<div class=\"elementor-spacer\">\n\t\t\t<div class=\"elementor-spacer-inner\"><\/div>\n\t\t<\/div>\n\t\t\t\t\t\t<\/div>\n\t\t\t\t<\/div>\n\t\t\t\t<\/div>\n\t\t","protected":false},"excerpt":{"rendered":"<p>IFOS \u0130stanbul IFOS 2026 ENT World Congress | World Otorhinolaryngology Congress Download Join Us as a Industry Partner at IFOS 2026! IFOS Istanbul Presentation Slide Sample (Save the date) IFOS Istanbul Presentation Slide Sample IFOS Logo Welcome to Istanbul &#8211; IFOS IFOS Poster Announcement_IFOS Istanbul A5 Please click here to download DETAILED GUIDELINES FOR MODERATORS CHAIRS AND CO-CHAIRS Please click here to download SCIENTIFIC SESSION FORMATS<\/p>\n","protected":false},"author":1,"featured_media":0,"parent":0,"menu_order":0,"comment_status":"closed","ping_status":"closed","template":"","meta":{"footnotes":""},"class_list":["post-467","page","type-page","status-publish","hentry"],"_links":{"self":[{"href":"https:\/\/ifosistanbul2026.org\/en\/wp-json\/wp\/v2\/pages\/467","targetHints":{"allow":["GET"]}}],"collection":[{"href":"https:\/\/ifosistanbul2026.org\/en\/wp-json\/wp\/v2\/pages"}],"about":[{"href":"https:\/\/ifosistanbul2026.org\/en\/wp-json\/wp\/v2\/types\/page"}],"author":[{"embeddable":true,"href":"https:\/\/ifosistanbul2026.org\/en\/wp-json\/wp\/v2\/users\/1"}],"replies":[{"embeddable":true,"href":"https:\/\/ifosistanbul2026.org\/en\/wp-json\/wp\/v2\/comments?post=467"}],"version-history":[{"count":10,"href":"https:\/\/ifosistanbul2026.org\/en\/wp-json\/wp\/v2\/pages\/467\/revisions"}],"predecessor-version":[{"id":1232,"href":"https:\/\/ifosistanbul2026.org\/en\/wp-json\/wp\/v2\/pages\/467\/revisions\/1232"}],"wp:attachment":[{"href":"https:\/\/ifosistanbul2026.org\/en\/wp-json\/wp\/v2\/media?parent=467"}],"curies":[{"name":"wp","href":"https:\/\/api.w.org\/{rel}","templated":true}]}}