{"id":792,"date":"2026-03-06T11:53:59","date_gmt":"2026-03-06T11:53:59","guid":{"rendered":"https:\/\/ifos.seolog.tr\/?page_id=792"},"modified":"2026-03-06T11:57:32","modified_gmt":"2026-03-06T11:57:32","slug":"access","status":"publish","type":"page","link":"https:\/\/ifosistanbul2026.org\/en\/access\/","title":{"rendered":"Access"},"content":{"rendered":"\t\t<div data-elementor-type=\"wp-page\" data-elementor-id=\"792\" class=\"elementor elementor-792\">\n\t\t\t\t<div class=\"elementor-element elementor-element-2cd9dd6 e-con-full e-flex e-con e-parent\" data-id=\"2cd9dd6\" data-element_type=\"container\" data-e-type=\"container\">\n\t\t\t\t<div class=\"elementor-element elementor-element-31b6f86 elementor-position-inline-start elementor-mobile-position-inline-start elementor-view-default elementor-widget elementor-widget-icon-box\" data-id=\"31b6f86\" data-element_type=\"widget\" data-e-type=\"widget\" data-widget_type=\"icon-box.default\">\n\t\t\t\t\t\t\t<div class=\"elementor-icon-box-wrapper\">\n\n\t\t\t\t\t\t<div class=\"elementor-icon-box-icon\">\n\t\t\t\t<span  class=\"elementor-icon\">\n\t\t\t\t<svg aria-hidden=\"true\" class=\"e-font-icon-svg e-fas-dot-circle\" viewBox=\"0 0 512 512\" xmlns=\"http:\/\/www.w3.org\/2000\/svg\"><path d=\"M256 8C119.033 8 8 119.033 8 256s111.033 248 248 248 248-111.033 248-248S392.967 8 256 8zm80 248c0 44.112-35.888 80-80 80s-80-35.888-80-80 35.888-80 80-80 80 35.888 80 80z\"><\/path><\/svg>\t\t\t\t<\/span>\n\t\t\t<\/div>\n\t\t\t\n\t\t\t\t\t\t<div class=\"elementor-icon-box-content\">\n\n\t\t\t\t\n\t\t\t\t\t\t\t\t\t<p class=\"elementor-icon-box-description\">\n\t\t\t\t\t\tIFOS \u0130stanbul IFOS 2026 ENT World Congress | World Otorhinolaryngology Congress\t\t\t\t\t<\/p>\n\t\t\t\t\n\t\t\t<\/div>\n\t\t\t\n\t\t<\/div>\n\t\t\t\t\t\t<\/div>\n\t\t\t\t<div class=\"elementor-element elementor-element-29c9c8d elementor-widget-divider--view-line elementor-widget elementor-widget-divider\" data-id=\"29c9c8d\" data-element_type=\"widget\" data-e-type=\"widget\" data-widget_type=\"divider.default\">\n\t\t\t\t\t\t\t<div class=\"elementor-divider\">\n\t\t\t<span class=\"elementor-divider-separator\">\n\t\t\t\t\t\t<\/span>\n\t\t<\/div>\n\t\t\t\t\t\t<\/div>\n\t\t\t\t<\/div>\n\t\t<div class=\"elementor-element elementor-element-daa25be e-con-full e-flex e-con e-parent\" data-id=\"daa25be\" data-element_type=\"container\" data-e-type=\"container\">\n\t\t\t\t<div class=\"elementor-element elementor-element-030a622 elementor-widget elementor-widget-heading\" data-id=\"030a622\" data-element_type=\"widget\" data-e-type=\"widget\" data-widget_type=\"heading.default\">\n\t\t\t\t\t<h1 class=\"elementor-heading-title elementor-size-default\">ACCESS<\/h1>\t\t\t\t<\/div>\n\t\t\t\t<div class=\"elementor-element elementor-element-0fbe407 elementor-widget elementor-widget-html\" data-id=\"0fbe407\" data-element_type=\"widget\" data-e-type=\"widget\" data-widget_type=\"html.default\">\n\t\t\t\t\t<style>\r\n\/* =====================================\r\n   IFOS \u2013 FIRST 3 IMAGE GALLERY\r\n===================================== *\/\r\n\r\n.ifos-city-gallery{\r\n  padding: 80px 20px;\r\n}\r\n\r\n.ifos-gallery-container{\r\n  max-width: 1200px;\r\n  margin: 0 auto;\r\n  display: grid;\r\n  grid-template-columns: repeat(auto-fit, minmax(300px, 1fr));\r\n  gap: 24px;\r\n  justify-items: center; \/* <-- Ortalamay\u0131 garanti eder *\/\r\n}\r\n\r\n.ifos-gallery-container img{\r\n  width: 100%;\r\n  max-width: 100%;\r\n  height: 360px;\r\n  object-fit: cover;\r\n  border-radius: 8px;\r\n  display: block;\r\n}\r\n\r\n\/* MOB\u0130L FIX *\/\r\n@media (max-width: 768px){\r\n\r\n  .ifos-city-gallery{\r\n    padding: 50px 16px;\r\n  }\r\n\r\n  .ifos-gallery-container{\r\n    grid-template-columns: 1fr; \/* Tek kolon *\/\r\n    justify-items: center;      \/* H\u00fccreyi ortala *\/\r\n  }\r\n\r\n  .ifos-gallery-container img{\r\n    width: 100%;\r\n    max-width: 500px; \/* Mobilde ortal\u0131 ve kontroll\u00fc geni\u015flik *\/\r\n    height: 240px;\r\n    margin: 0 auto;   \/* Ekstra g\u00fcvenli ortalama *\/\r\n  }\r\n}\r\n<\/style>\t\t\t\t<\/div>\n\t\t\t\t<div class=\"elementor-element elementor-element-13392e6 elementor-widget elementor-widget-text-editor\" data-id=\"13392e6\" data-element_type=\"widget\" data-e-type=\"widget\" data-widget_type=\"text-editor.default\">\n\t\t\t\t\t\t\t\t\t<p>Istanbul is accessible from all parts of the world, served by more than 300 international airlines. The city has two international airports, Sabiha G\u00f6k\u00e7en Airport on the Asian side and the New \u0130stanbul Airport on the European side.<\/p><p>As our official airline, Turkish Airlines flies to more countries in the world than any other airline. In 2011, Turkish Airlines was named \u201cBest Airline in Europe\u201d by Skytrax. Turkish Airlines flies to over 300 destinations directly from Istanbul.<\/p><p>Number of destinations of Turkish Airlines is below;<\/p>\t\t\t\t\t\t\t\t<\/div>\n\t\t\t\t<div class=\"elementor-element elementor-element-4db7ce4 elementor-widget elementor-widget-html\" data-id=\"4db7ce4\" data-element_type=\"widget\" data-e-type=\"widget\" data-widget_type=\"html.default\">\n\t\t\t\t\t<section class=\"ifos-city-gallery\">\n\n  <div class=\"ifos-gallery-container\">\n\n    <img decoding=\"async\" src=\"\/files\/89949d1e-5b74-4759-8473-89cdff7399d9.jpg\" \n         alt=\"Istanbul city view\">\n\n    <img decoding=\"async\" src=\"\/files\/471e6b9d-7d3b-448a-b3f8-5e39df650fa9.jpg\" \n         alt=\"Istanbul skyline\">\n\n  <\/div>\n\n<\/section>\t\t\t\t<\/div>\n\t\t\t\t<div class=\"elementor-element elementor-element-e8755e2 elementor-widget elementor-widget-text-editor\" data-id=\"e8755e2\" data-element_type=\"widget\" data-e-type=\"widget\" data-widget_type=\"text-editor.default\">\n\t\t\t\t\t\t\t\t\t<p><strong>Meeting solutions:<\/strong><\/p><p>Turkish Airlines offers multiple solutions for all kinds of events with a single point of contact; Group &amp; Conventions Department.<\/p><p>Star Alliance \u2013 Conventions Plus<\/p><p>Star Alliance \u2013 Meetings Plus<\/p><p>Turkish Conventions &#8211; <strong><a href=\"mailto:conventions@thy.com\">conventions@thy.com<\/a><\/strong><\/p>\t\t\t\t\t\t\t\t<\/div>\n\t\t\t\t<div class=\"elementor-element elementor-element-b8e2a49 elementor-widget elementor-widget-text-editor\" data-id=\"b8e2a49\" data-element_type=\"widget\" data-e-type=\"widget\" data-widget_type=\"text-editor.default\">\n\t\t\t\t\t\t\t\t\t<p>Turkish Conventions is the Turkish Airlines sponsorship program designed to support the Congress and Meeting sector (M.I.C.E.) worldwide, by playing an important role attracting events to all of our flying points and destinations.<\/p><p>Events and event organizers, such as the following, can apply for sponsorship:<\/p><ul><li>Local and international congresses, conferences, seminars, educational institutions, trade meetings, expos, festivals, etc.<\/li><li>International and national PCOs (Professional Congress Organizers),<\/li><li>International and national DMCs (Destination Management Companies),<\/li><li>Expo centers and organizers,<\/li><li>International and national non-profit organizations,<\/li><li>Universities, educational centers and institutes,<\/li><li>Governmental and formal institutes.<\/li><\/ul><p><br \/>During the registration, event organizers have the opportunity to appoint an authorized IATA sales agency to manage the sales process. Sales can also be done via our official Turkish Airlines offices worldwide, and via our online discount code sales portal.<\/p>\t\t\t\t\t\t\t\t<\/div>\n\t\t\t\t<\/div>\n\t\t<div class=\"elementor-element elementor-element-82562ce e-con-full e-flex e-con e-parent\" data-id=\"82562ce\" data-element_type=\"container\" data-e-type=\"container\">\n\t\t\t\t<div class=\"elementor-element elementor-element-4724f72 elementor-widget elementor-widget-spacer\" data-id=\"4724f72\" data-element_type=\"widget\" data-e-type=\"widget\" data-widget_type=\"spacer.default\">\n\t\t\t\t\t\t\t<div class=\"elementor-spacer\">\n\t\t\t<div class=\"elementor-spacer-inner\"><\/div>\n\t\t<\/div>\n\t\t\t\t\t\t<\/div>\n\t\t\t\t<\/div>\n\t\t\t\t<\/div>\n\t\t","protected":false},"excerpt":{"rendered":"<p>IFOS \u0130stanbul IFOS 2026 ENT World Congress | World Otorhinolaryngology Congress ACCESS Istanbul is accessible from all parts of the world, served by more than 300 international airlines. The city has two international airports, Sabiha G\u00f6k\u00e7en Airport on the Asian side and the New \u0130stanbul Airport on the European side. As our official airline, Turkish Airlines flies to more countries in the world than any other airline. In 2011, Turkish Airlines was named \u201cBest Airline in Europe\u201d by Skytrax. Turkish Airlines flies to over 300 destinations directly from Istanbul. Number of destinations of Turkish Airlines is below; Meeting solutions: Turkish Airlines offers multiple solutions for all kinds of events with a single point of contact; Group &amp; Conventions Department. Star Alliance \u2013 Conventions Plus Star Alliance \u2013 Meetings Plus Turkish Conventions &#8211; conventions@thy.com Turkish Conventions is the Turkish Airlines sponsorship program designed to support the Congress and Meeting sector (M.I.C.E.) worldwide, by playing an important role attracting events to all of our flying points and destinations. Events and event organizers, such as the following, can apply for sponsorship: Local and international congresses, conferences, seminars, educational institutions, trade meetings, expos, festivals, etc. International and national PCOs (Professional Congress Organizers), International and national DMCs (Destination Management Companies), Expo centers and organizers, International and national non-profit organizations, Universities, educational centers and institutes, Governmental and formal institutes. During the registration, event organizers have the opportunity to appoint an authorized IATA sales agency to manage the sales process. Sales can also be done via our official Turkish Airlines offices worldwide, and via our online discount code sales portal.<\/p>\n","protected":false},"author":1,"featured_media":0,"parent":0,"menu_order":0,"comment_status":"closed","ping_status":"closed","template":"","meta":{"footnotes":""},"class_list":["post-792","page","type-page","status-publish","hentry"],"_links":{"self":[{"href":"https:\/\/ifosistanbul2026.org\/en\/wp-json\/wp\/v2\/pages\/792","targetHints":{"allow":["GET"]}}],"collection":[{"href":"https:\/\/ifosistanbul2026.org\/en\/wp-json\/wp\/v2\/pages"}],"about":[{"href":"https:\/\/ifosistanbul2026.org\/en\/wp-json\/wp\/v2\/types\/page"}],"author":[{"embeddable":true,"href":"https:\/\/ifosistanbul2026.org\/en\/wp-json\/wp\/v2\/users\/1"}],"replies":[{"embeddable":true,"href":"https:\/\/ifosistanbul2026.org\/en\/wp-json\/wp\/v2\/comments?post=792"}],"version-history":[{"count":4,"href":"https:\/\/ifosistanbul2026.org\/en\/wp-json\/wp\/v2\/pages\/792\/revisions"}],"predecessor-version":[{"id":796,"href":"https:\/\/ifosistanbul2026.org\/en\/wp-json\/wp\/v2\/pages\/792\/revisions\/796"}],"wp:attachment":[{"href":"https:\/\/ifosistanbul2026.org\/en\/wp-json\/wp\/v2\/media?parent=792"}],"curies":[{"name":"wp","href":"https:\/\/api.w.org\/{rel}","templated":true}]}}