{"id":804,"date":"2026-03-06T12:02:50","date_gmt":"2026-03-06T12:02:50","guid":{"rendered":"https:\/\/ifos.seolog.tr\/?page_id=804"},"modified":"2026-03-09T14:34:58","modified_gmt":"2026-03-09T14:34:58","slug":"sabiha-gokcen-international-airport","status":"publish","type":"page","link":"https:\/\/ifosistanbul2026.org\/en\/sabiha-gokcen-international-airport\/","title":{"rendered":"Sabiha G\u00f6k\u00e7en International Airport"},"content":{"rendered":"\t\t<div data-elementor-type=\"wp-page\" data-elementor-id=\"804\" class=\"elementor elementor-804\">\n\t\t\t\t<div class=\"elementor-element elementor-element-2cd9dd6 e-con-full e-flex e-con e-parent\" data-id=\"2cd9dd6\" data-element_type=\"container\" data-e-type=\"container\">\n\t\t\t\t<div class=\"elementor-element elementor-element-31b6f86 elementor-position-inline-start elementor-mobile-position-inline-start elementor-view-default elementor-widget elementor-widget-icon-box\" data-id=\"31b6f86\" data-element_type=\"widget\" data-e-type=\"widget\" data-widget_type=\"icon-box.default\">\n\t\t\t\t\t\t\t<div class=\"elementor-icon-box-wrapper\">\n\n\t\t\t\t\t\t<div class=\"elementor-icon-box-icon\">\n\t\t\t\t<span  class=\"elementor-icon\">\n\t\t\t\t<svg aria-hidden=\"true\" class=\"e-font-icon-svg e-fas-dot-circle\" viewBox=\"0 0 512 512\" xmlns=\"http:\/\/www.w3.org\/2000\/svg\"><path d=\"M256 8C119.033 8 8 119.033 8 256s111.033 248 248 248 248-111.033 248-248S392.967 8 256 8zm80 248c0 44.112-35.888 80-80 80s-80-35.888-80-80 35.888-80 80-80 80 35.888 80 80z\"><\/path><\/svg>\t\t\t\t<\/span>\n\t\t\t<\/div>\n\t\t\t\n\t\t\t\t\t\t<div class=\"elementor-icon-box-content\">\n\n\t\t\t\t\n\t\t\t\t\t\t\t\t\t<p class=\"elementor-icon-box-description\">\n\t\t\t\t\t\tIFOS \u0130stanbul IFOS 2026 ENT World Congress | World Otorhinolaryngology Congress\t\t\t\t\t<\/p>\n\t\t\t\t\n\t\t\t<\/div>\n\t\t\t\n\t\t<\/div>\n\t\t\t\t\t\t<\/div>\n\t\t\t\t<div class=\"elementor-element elementor-element-29c9c8d elementor-widget-divider--view-line elementor-widget elementor-widget-divider\" data-id=\"29c9c8d\" data-element_type=\"widget\" data-e-type=\"widget\" data-widget_type=\"divider.default\">\n\t\t\t\t\t\t\t<div class=\"elementor-divider\">\n\t\t\t<span class=\"elementor-divider-separator\">\n\t\t\t\t\t\t<\/span>\n\t\t<\/div>\n\t\t\t\t\t\t<\/div>\n\t\t\t\t<\/div>\n\t\t<div class=\"elementor-element elementor-element-daa25be e-con-full e-flex e-con e-parent\" data-id=\"daa25be\" data-element_type=\"container\" data-e-type=\"container\">\n\t\t\t\t<div class=\"elementor-element elementor-element-030a622 elementor-widget elementor-widget-heading\" data-id=\"030a622\" data-element_type=\"widget\" data-e-type=\"widget\" data-widget_type=\"heading.default\">\n\t\t\t\t\t<h1 class=\"elementor-heading-title elementor-size-default\">SAB\u0130HA G\u00d6K\u00c7EN INTERNATIONAL AIRPORT\n<\/h1>\t\t\t\t<\/div>\n\t\t\t\t<div class=\"elementor-element elementor-element-0fbe407 elementor-widget elementor-widget-html\" data-id=\"0fbe407\" data-element_type=\"widget\" data-e-type=\"widget\" data-widget_type=\"html.default\">\n\t\t\t\t\t<style>\r\n\/* =====================================\r\n   IFOS \u2013 FIRST 3 IMAGE GALLERY\r\n===================================== *\/\r\n\r\n.ifos-city-gallery{\r\n  padding: 80px 20px;\r\n}\r\n\r\n.ifos-gallery-container{\r\n  max-width: 1200px;\r\n  margin: 0 auto;\r\n  display: grid;\r\n  grid-template-columns: repeat(auto-fit, minmax(300px, 1fr));\r\n  gap: 24px;\r\n  justify-items: center; \/* <-- Ortalamay\u0131 garanti eder *\/\r\n}\r\n\r\n.ifos-gallery-container img{\r\n  width: 100%;\r\n  max-width: 100%;\r\n  height: 360px;\r\n  object-fit: cover;\r\n  border-radius: 8px;\r\n  display: block;\r\n}\r\n\r\n\/* MOB\u0130L FIX *\/\r\n@media (max-width: 768px){\r\n\r\n  .ifos-city-gallery{\r\n    padding: 50px 16px;\r\n  }\r\n\r\n  .ifos-gallery-container{\r\n    grid-template-columns: 1fr; \/* Tek kolon *\/\r\n    justify-items: center;      \/* H\u00fccreyi ortala *\/\r\n  }\r\n\r\n  .ifos-gallery-container img{\r\n    width: 100%;\r\n    max-width: 500px; \/* Mobilde ortal\u0131 ve kontroll\u00fc geni\u015flik *\/\r\n    height: 240px;\r\n    margin: 0 auto;   \/* Ekstra g\u00fcvenli ortalama *\/\r\n  }\r\n}\r\n<\/style>\t\t\t\t<\/div>\n\t\t\t\t<div class=\"elementor-element elementor-element-13392e6 elementor-widget elementor-widget-text-editor\" data-id=\"13392e6\" data-element_type=\"widget\" data-e-type=\"widget\" data-widget_type=\"text-editor.default\">\n\t\t\t\t\t\t\t\t\t<p>Sabiha G\u00f6k\u00e7en Airport has opened new horizons for Turkey, just like the woman combat pilot of Turkey that it is named after.<\/p><p>The airport is located on the Anatolian shore of Istanbul at Pendik\/ Kurtkoy, at a distance of 40 km to Kadikoy, 12 km to Pendik and 50 km to Taksim. It has a really convenient traffic in terms of transportation with its 1.5 km connection to the TEM motorway.<\/p><p>Public transportation (IETT) departs from Sabiha G\u00f6k\u00e7en Airport (SAW) to central Istanbul. There are many ways to travel from Sabiha G\u00f6k\u00e7en Airport into the several main locations of Istanbul.<\/p><p>The features and the services that are provided by the terminal of the Istanbul Sabiha G\u00f6k\u00e7en International Airport and its amenities include;<\/p><ul><li>5.000 sqm food court for caf\u00e9s and restaurants belonging to the leading food &amp; beverage brands,<\/li><li>4.500 sqm Duty Free shopping area and occupies a space of 3.300 sqm and 1.200 sqm in the departures and arrivals halls respectively. 400 sqm conference center,<\/li><li>A four &#8211; story car park with a capacity of about 4,718 vehicles &amp; 72 buses.<\/li><\/ul><p>\u00a0<\/p><p>34912 Pendik<\/p><p>Phone: <a href=\"tel:+902165855000\"><strong>(+90 216) 585 50 00<\/strong><\/a><\/p><p>E-mail: <a href=\"mailto:heas@sgairport.com\"><strong>heas@sgairport.com<\/strong><\/a><\/p><p>Web: <strong><a href=\"https:\/\/www.sgairport.com\/en\" target=\"_blank\" rel=\"noopener\">www.sgairport.com<\/a><\/strong><\/p>\t\t\t\t\t\t\t\t<\/div>\n\t\t\t\t<div class=\"elementor-element elementor-element-4db7ce4 elementor-widget elementor-widget-html\" data-id=\"4db7ce4\" data-element_type=\"widget\" data-e-type=\"widget\" data-widget_type=\"html.default\">\n\t\t\t\t\t<!--<section class=\"ifos-city-gallery\">\n\n  <div class=\"ifos-gallery-container\">\n\n    <img decoding=\"async\" src=\"\/files\/66fad552-1ef0-4ac6-8b77-019d2562ea99.png\" \n         alt=\"Istanbul city view\">\n\n    <img decoding=\"async\" src=\"\/files\/3ca49b65-b735-4fc9-bdd8-87ec9490d07f.png\" \n         alt=\"Istanbul skyline\">\n\n  <\/div>\n\n<\/section>-->\t\t\t\t<\/div>\n\t\t\t\t<\/div>\n\t\t<div class=\"elementor-element elementor-element-82562ce e-con-full e-flex e-con e-parent\" data-id=\"82562ce\" data-element_type=\"container\" data-e-type=\"container\">\n\t\t\t\t<div class=\"elementor-element elementor-element-4724f72 elementor-widget elementor-widget-spacer\" data-id=\"4724f72\" data-element_type=\"widget\" data-e-type=\"widget\" data-widget_type=\"spacer.default\">\n\t\t\t\t\t\t\t<div class=\"elementor-spacer\">\n\t\t\t<div class=\"elementor-spacer-inner\"><\/div>\n\t\t<\/div>\n\t\t\t\t\t\t<\/div>\n\t\t\t\t<\/div>\n\t\t\t\t<\/div>\n\t\t","protected":false},"excerpt":{"rendered":"<p>IFOS \u0130stanbul IFOS 2026 ENT World Congress | World Otorhinolaryngology Congress SAB\u0130HA G\u00d6K\u00c7EN INTERNATIONAL AIRPORT Sabiha G\u00f6k\u00e7en Airport has opened new horizons for Turkey, just like the woman combat pilot of Turkey that it is named after. The airport is located on the Anatolian shore of Istanbul at Pendik\/ Kurtkoy, at a distance of 40 km to Kadikoy, 12 km to Pendik and 50 km to Taksim. It has a really convenient traffic in terms of transportation with its 1.5 km connection to the TEM motorway. Public transportation (IETT) departs from Sabiha G\u00f6k\u00e7en Airport (SAW) to central Istanbul. There are many ways to travel from Sabiha G\u00f6k\u00e7en Airport into the several main locations of Istanbul. The features and the services that are provided by the terminal of the Istanbul Sabiha G\u00f6k\u00e7en International Airport and its amenities include; 5.000 sqm food court for caf\u00e9s and restaurants belonging to the leading food &amp; beverage brands, 4.500 sqm Duty Free shopping area and occupies a space of 3.300 sqm and 1.200 sqm in the departures and arrivals halls respectively. 400 sqm conference center, A four &#8211; story car park with a capacity of about 4,718 vehicles &amp; 72 buses. \u00a0 34912 Pendik Phone: (+90 216) 585 50 00 E-mail: heas@sgairport.com Web: www.sgairport.com<\/p>\n","protected":false},"author":1,"featured_media":0,"parent":0,"menu_order":0,"comment_status":"closed","ping_status":"closed","template":"","meta":{"footnotes":""},"class_list":["post-804","page","type-page","status-publish","hentry"],"_links":{"self":[{"href":"https:\/\/ifosistanbul2026.org\/en\/wp-json\/wp\/v2\/pages\/804","targetHints":{"allow":["GET"]}}],"collection":[{"href":"https:\/\/ifosistanbul2026.org\/en\/wp-json\/wp\/v2\/pages"}],"about":[{"href":"https:\/\/ifosistanbul2026.org\/en\/wp-json\/wp\/v2\/types\/page"}],"author":[{"embeddable":true,"href":"https:\/\/ifosistanbul2026.org\/en\/wp-json\/wp\/v2\/users\/1"}],"replies":[{"embeddable":true,"href":"https:\/\/ifosistanbul2026.org\/en\/wp-json\/wp\/v2\/comments?post=804"}],"version-history":[{"count":7,"href":"https:\/\/ifosistanbul2026.org\/en\/wp-json\/wp\/v2\/pages\/804\/revisions"}],"predecessor-version":[{"id":1210,"href":"https:\/\/ifosistanbul2026.org\/en\/wp-json\/wp\/v2\/pages\/804\/revisions\/1210"}],"wp:attachment":[{"href":"https:\/\/ifosistanbul2026.org\/en\/wp-json\/wp\/v2\/media?parent=804"}],"curies":[{"name":"wp","href":"https:\/\/api.w.org\/{rel}","templated":true}]}}