{"id":838,"date":"2026-03-06T13:15:45","date_gmt":"2026-03-06T13:15:45","guid":{"rendered":"https:\/\/ifos.seolog.tr\/?page_id=838"},"modified":"2026-03-11T22:14:07","modified_gmt":"2026-03-11T22:14:07","slug":"forthcoming-international-congresses","status":"publish","type":"page","link":"https:\/\/ifosistanbul2026.org\/en\/forthcoming-international-congresses\/","title":{"rendered":"Forthcoming International Congresses"},"content":{"rendered":"\t\t<div data-elementor-type=\"wp-page\" data-elementor-id=\"838\" class=\"elementor elementor-838\">\n\t\t\t\t<div class=\"elementor-element elementor-element-2cd9dd6 e-con-full e-flex e-con e-parent\" data-id=\"2cd9dd6\" data-element_type=\"container\" data-e-type=\"container\">\n\t\t\t\t<div class=\"elementor-element elementor-element-31b6f86 elementor-position-inline-start elementor-mobile-position-inline-start elementor-view-default elementor-widget elementor-widget-icon-box\" data-id=\"31b6f86\" data-element_type=\"widget\" data-e-type=\"widget\" data-widget_type=\"icon-box.default\">\n\t\t\t\t\t\t\t<div class=\"elementor-icon-box-wrapper\">\n\n\t\t\t\t\t\t<div class=\"elementor-icon-box-icon\">\n\t\t\t\t<span  class=\"elementor-icon\">\n\t\t\t\t<svg aria-hidden=\"true\" class=\"e-font-icon-svg e-fas-dot-circle\" viewBox=\"0 0 512 512\" xmlns=\"http:\/\/www.w3.org\/2000\/svg\"><path d=\"M256 8C119.033 8 8 119.033 8 256s111.033 248 248 248 248-111.033 248-248S392.967 8 256 8zm80 248c0 44.112-35.888 80-80 80s-80-35.888-80-80 35.888-80 80-80 80 35.888 80 80z\"><\/path><\/svg>\t\t\t\t<\/span>\n\t\t\t<\/div>\n\t\t\t\n\t\t\t\t\t\t<div class=\"elementor-icon-box-content\">\n\n\t\t\t\t\n\t\t\t\t\t\t\t\t\t<p class=\"elementor-icon-box-description\">\n\t\t\t\t\t\tIFOS \u0130stanbul IFOS 2026 ENT World Congress | World Otorhinolaryngology Congress\t\t\t\t\t<\/p>\n\t\t\t\t\n\t\t\t<\/div>\n\t\t\t\n\t\t<\/div>\n\t\t\t\t\t\t<\/div>\n\t\t\t\t<div class=\"elementor-element elementor-element-29c9c8d elementor-widget-divider--view-line elementor-widget elementor-widget-divider\" data-id=\"29c9c8d\" data-element_type=\"widget\" data-e-type=\"widget\" data-widget_type=\"divider.default\">\n\t\t\t\t\t\t\t<div class=\"elementor-divider\">\n\t\t\t<span class=\"elementor-divider-separator\">\n\t\t\t\t\t\t<\/span>\n\t\t<\/div>\n\t\t\t\t\t\t<\/div>\n\t\t\t\t<\/div>\n\t\t<div class=\"elementor-element elementor-element-daa25be e-con-full e-flex e-con e-parent\" data-id=\"daa25be\" data-element_type=\"container\" data-e-type=\"container\">\n\t\t\t\t<div class=\"elementor-element elementor-element-030a622 elementor-widget elementor-widget-heading\" data-id=\"030a622\" data-element_type=\"widget\" data-e-type=\"widget\" data-widget_type=\"heading.default\">\n\t\t\t\t\t<h1 class=\"elementor-heading-title elementor-size-default\">ForthcomIng InternatIonal Congresses\n<\/h1>\t\t\t\t<\/div>\n\t\t\t\t<div class=\"elementor-element elementor-element-0fbe407 elementor-widget elementor-widget-html\" data-id=\"0fbe407\" data-element_type=\"widget\" data-e-type=\"widget\" data-widget_type=\"html.default\">\n\t\t\t\t\t<style>\n\/* =====================================\n   IFOS \u2013 VERTICAL 3 IMAGE GALLERY\n===================================== *\/\n\n.ifos-city-gallery{\n  padding: 80px 20px;\n}\n\n.ifos-gallery-container{\n  max-width: 1200px;\n  margin: 0 auto;\n  display: grid;\n  grid-template-columns: 1fr; \/* Tek kolon: alt alta *\/\n  gap: 24px;\n  justify-items: center;\n}\n\n.ifos-gallery-container a{\n  display: block;\n  width: 100%;\n  text-align: center;\n}\n\n.ifos-gallery-container img{\n  width: 100%;\n  max-width: 1080px;  \/* Masa\u00fcst\u00fc geni\u015fli\u011fi *\/\n  height: auto;       \/* Orant\u0131l\u0131 k\u00fc\u00e7\u00fclme *\/\n  object-fit: cover;\n  border-radius: 8px;\n  display: block;\n  margin: 0 auto;\n}\n\n\/* MOB\u0130L *\/\n@media (max-width: 768px){\n\n  .ifos-city-gallery{\n    padding: 50px 16px;\n  }\n\n  .ifos-gallery-container img{\n    width: 100%;\n    max-width: 100%; \/* Mobilde ekrana g\u00f6re k\u00fc\u00e7\u00fcl\u00fcr *\/\n    height: auto;\n  }\n}\n<\/style>\t\t\t\t<\/div>\n\t\t\t\t<div class=\"elementor-element elementor-element-4db7ce4 elementor-widget elementor-widget-html\" data-id=\"4db7ce4\" data-element_type=\"widget\" data-e-type=\"widget\" data-widget_type=\"html.default\">\n\t\t\t\t\t<section class=\"ifos-city-gallery\">\n  <div class=\"ifos-gallery-container\">\n\n    <a href=\"https:\/\/ci2026.com\/\" target=\"_blank\">\n      <img decoding=\"async\" src=\"\/files\/6b577305-f701-4fc8-8a13-c0d1e10a9368.jpg\" alt=\"CI2026\">\n    <\/a>\n\n    <a href=\"https:\/\/www.entnet.org\/events\/annual-meeting\/\" target=\"_blank\">\n      <img decoding=\"async\" src=\"\/files\/c289a1d7-8702-4113-9d39-6246f926d1d9.jpg\" alt=\"Istanbul skyline\">\n    <\/a>\n\n    <a href=\"https:\/\/objectivemeasures.org\/frontend\/index.php?page_id=11280\" target=\"_blank\">\n      <img decoding=\"async\" src=\"\/en\/wp-content\/uploads\/2026\/03\/omai.jpg\" alt=\"OMAI\">\n    <\/a>\n\n  <\/div>\n<\/section>\t\t\t\t<\/div>\n\t\t\t\t<\/div>\n\t\t<div class=\"elementor-element elementor-element-82562ce e-con-full e-flex e-con e-parent\" data-id=\"82562ce\" data-element_type=\"container\" data-e-type=\"container\">\n\t\t\t\t<div class=\"elementor-element elementor-element-4724f72 elementor-widget elementor-widget-spacer\" data-id=\"4724f72\" data-element_type=\"widget\" data-e-type=\"widget\" data-widget_type=\"spacer.default\">\n\t\t\t\t\t\t\t<div class=\"elementor-spacer\">\n\t\t\t<div class=\"elementor-spacer-inner\"><\/div>\n\t\t<\/div>\n\t\t\t\t\t\t<\/div>\n\t\t\t\t<\/div>\n\t\t\t\t<\/div>\n\t\t","protected":false},"excerpt":{"rendered":"<p>IFOS \u0130stanbul IFOS 2026 ENT World Congress | World Otorhinolaryngology Congress ForthcomIng InternatIonal Congresses<\/p>\n","protected":false},"author":1,"featured_media":0,"parent":0,"menu_order":0,"comment_status":"closed","ping_status":"closed","template":"","meta":{"footnotes":""},"class_list":["post-838","page","type-page","status-publish","hentry"],"_links":{"self":[{"href":"https:\/\/ifosistanbul2026.org\/en\/wp-json\/wp\/v2\/pages\/838","targetHints":{"allow":["GET"]}}],"collection":[{"href":"https:\/\/ifosistanbul2026.org\/en\/wp-json\/wp\/v2\/pages"}],"about":[{"href":"https:\/\/ifosistanbul2026.org\/en\/wp-json\/wp\/v2\/types\/page"}],"author":[{"embeddable":true,"href":"https:\/\/ifosistanbul2026.org\/en\/wp-json\/wp\/v2\/users\/1"}],"replies":[{"embeddable":true,"href":"https:\/\/ifosistanbul2026.org\/en\/wp-json\/wp\/v2\/comments?post=838"}],"version-history":[{"count":10,"href":"https:\/\/ifosistanbul2026.org\/en\/wp-json\/wp\/v2\/pages\/838\/revisions"}],"predecessor-version":[{"id":1358,"href":"https:\/\/ifosistanbul2026.org\/en\/wp-json\/wp\/v2\/pages\/838\/revisions\/1358"}],"wp:attachment":[{"href":"https:\/\/ifosistanbul2026.org\/en\/wp-json\/wp\/v2\/media?parent=838"}],"curies":[{"name":"wp","href":"https:\/\/api.w.org\/{rel}","templated":true}]}}