{"id":844,"date":"2026-03-06T13:31:13","date_gmt":"2026-03-06T13:31:13","guid":{"rendered":"https:\/\/ifos.seolog.tr\/?page_id=844"},"modified":"2026-03-11T22:14:44","modified_gmt":"2026-03-11T22:14:44","slug":"correspondence","status":"publish","type":"page","link":"https:\/\/ifosistanbul2026.org\/en\/correspondence\/","title":{"rendered":"Correspondence"},"content":{"rendered":"\t\t<div data-elementor-type=\"wp-page\" data-elementor-id=\"844\" class=\"elementor elementor-844\">\n\t\t\t\t<div class=\"elementor-element elementor-element-2cd9dd6 e-con-full e-flex e-con e-parent\" data-id=\"2cd9dd6\" data-element_type=\"container\" data-e-type=\"container\">\n\t\t\t\t<div class=\"elementor-element elementor-element-31b6f86 elementor-position-inline-start elementor-mobile-position-inline-start elementor-view-default elementor-widget elementor-widget-icon-box\" data-id=\"31b6f86\" data-element_type=\"widget\" data-e-type=\"widget\" data-widget_type=\"icon-box.default\">\n\t\t\t\t\t\t\t<div class=\"elementor-icon-box-wrapper\">\n\n\t\t\t\t\t\t<div class=\"elementor-icon-box-icon\">\n\t\t\t\t<span  class=\"elementor-icon\">\n\t\t\t\t<svg aria-hidden=\"true\" class=\"e-font-icon-svg e-fas-dot-circle\" viewBox=\"0 0 512 512\" xmlns=\"http:\/\/www.w3.org\/2000\/svg\"><path d=\"M256 8C119.033 8 8 119.033 8 256s111.033 248 248 248 248-111.033 248-248S392.967 8 256 8zm80 248c0 44.112-35.888 80-80 80s-80-35.888-80-80 35.888-80 80-80 80 35.888 80 80z\"><\/path><\/svg>\t\t\t\t<\/span>\n\t\t\t<\/div>\n\t\t\t\n\t\t\t\t\t\t<div class=\"elementor-icon-box-content\">\n\n\t\t\t\t\n\t\t\t\t\t\t\t\t\t<p class=\"elementor-icon-box-description\">\n\t\t\t\t\t\tIFOS \u0130stanbul IFOS 2026 ENT World Congress | World Otorhinolaryngology Congress\t\t\t\t\t<\/p>\n\t\t\t\t\n\t\t\t<\/div>\n\t\t\t\n\t\t<\/div>\n\t\t\t\t\t\t<\/div>\n\t\t\t\t<div class=\"elementor-element elementor-element-29c9c8d elementor-widget-divider--view-line elementor-widget elementor-widget-divider\" data-id=\"29c9c8d\" data-element_type=\"widget\" data-e-type=\"widget\" data-widget_type=\"divider.default\">\n\t\t\t\t\t\t\t<div class=\"elementor-divider\">\n\t\t\t<span class=\"elementor-divider-separator\">\n\t\t\t\t\t\t<\/span>\n\t\t<\/div>\n\t\t\t\t\t\t<\/div>\n\t\t\t\t<\/div>\n\t\t<div class=\"elementor-element elementor-element-daa25be e-con-full e-flex e-con e-parent\" data-id=\"daa25be\" data-element_type=\"container\" data-e-type=\"container\">\n\t\t\t\t<div class=\"elementor-element elementor-element-030a622 elementor-widget elementor-widget-heading\" data-id=\"030a622\" data-element_type=\"widget\" data-e-type=\"widget\" data-widget_type=\"heading.default\">\n\t\t\t\t\t<h1 class=\"elementor-heading-title elementor-size-default\">Correspondence<\/h1>\t\t\t\t<\/div>\n\t\t\t\t<div class=\"elementor-element elementor-element-0fbe407 elementor-widget elementor-widget-html\" data-id=\"0fbe407\" data-element_type=\"widget\" data-e-type=\"widget\" data-widget_type=\"html.default\">\n\t\t\t\t\t<style>\r\n\/* =====================================\r\n   IFOS CONTACT \u2013 FINAL BRAND VERSION\r\n===================================== *\/\r\n\r\n.ifos-contact-wrapper{\r\n  padding: 80px 20px;\r\n  font-family: 'Varela Round', sans-serif;\r\n}\r\n\r\n\/* DI\u015e \u00c7ER\u00c7EVE *\/\r\n.ifos-contact-card{\r\n  max-width: 1100px;\r\n  margin: 0 auto;\r\n  display: flex;\r\n  border: 2px solid #4EB8E6; \/* MARKA RENG\u0130 *\/\r\n  border-radius: 20px;\r\n  overflow: hidden;\r\n}\r\n\r\n\/* SOL BEYAZ BLOK *\/\r\n.ifos-contact-logo-area{\r\n  background: #ffffff;\r\n  flex: 0 0 280px;\r\n  display: flex;\r\n  align-items: center;\r\n  justify-content: center;\r\n  padding: 40px;\r\n}\r\n\r\n.ifos-contact-logo-area img{\r\n  max-width: 180px;\r\n  height: auto;\r\n  display: block;\r\n}\r\n\r\n\/* SA\u011e TARAF *\/\r\n.ifos-contact-content{\r\n  flex: 1;\r\n  padding: 60px;\r\n  color: #ffffff;\r\n}\r\n\r\n\/* Ba\u015fl\u0131k *\/\r\n.ifos-contact-content h2{\r\n  font-size: 30px;\r\n  font-weight: 500;\r\n  margin-bottom: 18px;\r\n  letter-spacing: 0.5px;\r\n  color: #ffffff;\r\n}\r\n\r\n\/* Firma ad\u0131 *\/\r\n.ifos-contact-company{\r\n  font-size: 16px;\r\n  font-weight: 400;\r\n  margin-bottom: 35px;\r\n  color: #d8f2fb;\r\n}\r\n\r\n\/* Bilgi bloklar\u0131 *\/\r\n.ifos-contact-item{\r\n  margin-bottom: 28px;\r\n}\r\n\r\n\/* Address \/ Phone \/ Email *\/\r\n.ifos-contact-item strong{\r\n  display: block;\r\n  font-size: 14px;\r\n  font-weight: 500;\r\n  letter-spacing: 1px;\r\n  text-transform: uppercase;\r\n  margin-bottom: 8px;\r\n  color: #4EB8E6; \/* MARKA RENG\u0130 *\/\r\n}\r\n\r\n\/* \u0130\u00e7 metin *\/\r\n.ifos-contact-item p{\r\n  margin: 0;\r\n  font-size: 16px;\r\n  font-weight: 400;\r\n  line-height: 1.8;\r\n  color: #ffffff;\r\n}\r\n\r\n\/* Linkler *\/\r\n.ifos-contact-item a{\r\n  text-decoration: none;\r\n  color: #ffffff;\r\n  transition: color 0.3s ease;\r\n}\r\n\r\n.ifos-contact-item a:hover{\r\n  color: #4EB8E6;\r\n}\r\n\r\n\/* Responsive *\/\r\n@media (max-width: 768px){\r\n\r\n  .ifos-contact-card{\r\n    flex-direction: column;\r\n  }\r\n\r\n  .ifos-contact-content{\r\n    padding: 40px 30px;\r\n  }\r\n\r\n}\r\n<\/style>\t\t\t\t<\/div>\n\t\t\t\t<div class=\"elementor-element elementor-element-ded84a8 elementor-widget elementor-widget-html\" data-id=\"ded84a8\" data-element_type=\"widget\" data-e-type=\"widget\" data-widget_type=\"html.default\">\n\t\t\t\t\t<!-- GOOGLE FONT -->\r\n<link href=\"https:\/\/fonts.googleapis.com\/css2?family=Varela+Round&display=swap\" rel=\"stylesheet\">\r\n\r\n<section class=\"ifos-contact-wrapper\">\r\n\r\n  <div class=\"ifos-contact-card\">\r\n\r\n    <!-- SOL LOGO -->\r\n    <div class=\"ifos-contact-logo-area\">\r\n      <img decoding=\"async\" src=\"\/en\/themes\/one\/images\/sernas-group.png\" alt=\"Serenas Logo\">\r\n    <\/div>\r\n\r\n    <!-- SA\u011e \u0130\u00c7ER\u0130K -->\r\n    <div class=\"ifos-contact-content\">\r\n\r\n      <h2>Get in Touch With Us<\/h2>\r\n\r\n      <p class=\"ifos-contact-company\">\r\n        Serenas International Tourism Congress Organization Inc.\r\n      <\/p>\r\n\r\n      <div class=\"ifos-contact-item\">\r\n        <strong>Address<\/strong>\r\n        <p>\r\n          Turan Gunes Bulvari 5. Cadde No:13<br>\r\n          06550 Yildiz, \u00c7ankaya \u2013 Ankara<br>\r\n          T\u00fcrkiye\r\n        <\/p>\r\n      <\/div>\r\n\r\n      <div class=\"ifos-contact-item\">\r\n        <strong>Phone<\/strong>\r\n        <p>\r\n          <a href=\"tel:+903124405011\">+90 312 440 50 11<\/a>\r\n        <\/p>\r\n      <\/div>\r\n\r\n      <div class=\"ifos-contact-item\">\r\n        <strong>Email<\/strong>\r\n        <p>\r\n          <a href=\"mailto:info@ifosistanbul2026.org\">\r\n            info@ifosistanbul2026.org\r\n          <\/a>\r\n        <\/p>\r\n      <\/div>\r\n\r\n    <\/div>\r\n\r\n  <\/div>\r\n\r\n<\/section>\t\t\t\t<\/div>\n\t\t\t\t<\/div>\n\t\t<div class=\"elementor-element elementor-element-82562ce e-con-full e-flex e-con e-parent\" data-id=\"82562ce\" data-element_type=\"container\" data-e-type=\"container\">\n\t\t\t\t<div class=\"elementor-element elementor-element-4724f72 elementor-widget elementor-widget-spacer\" data-id=\"4724f72\" data-element_type=\"widget\" data-e-type=\"widget\" data-widget_type=\"spacer.default\">\n\t\t\t\t\t\t\t<div class=\"elementor-spacer\">\n\t\t\t<div class=\"elementor-spacer-inner\"><\/div>\n\t\t<\/div>\n\t\t\t\t\t\t<\/div>\n\t\t\t\t<\/div>\n\t\t\t\t<\/div>\n\t\t","protected":false},"excerpt":{"rendered":"<p>IFOS \u0130stanbul IFOS 2026 ENT World Congress | World Otorhinolaryngology Congress Correspondence Get in Touch With Us Serenas International Tourism Congress Organization Inc. Address Turan Gunes Bulvari 5. Cadde No:13 06550 Yildiz, \u00c7ankaya \u2013 Ankara T\u00fcrkiye Phone +90 312 440 50 11 Email info@ifosistanbul2026.org<\/p>\n","protected":false},"author":1,"featured_media":0,"parent":0,"menu_order":0,"comment_status":"closed","ping_status":"closed","template":"","meta":{"footnotes":""},"class_list":["post-844","page","type-page","status-publish","hentry"],"_links":{"self":[{"href":"https:\/\/ifosistanbul2026.org\/en\/wp-json\/wp\/v2\/pages\/844","targetHints":{"allow":["GET"]}}],"collection":[{"href":"https:\/\/ifosistanbul2026.org\/en\/wp-json\/wp\/v2\/pages"}],"about":[{"href":"https:\/\/ifosistanbul2026.org\/en\/wp-json\/wp\/v2\/types\/page"}],"author":[{"embeddable":true,"href":"https:\/\/ifosistanbul2026.org\/en\/wp-json\/wp\/v2\/users\/1"}],"replies":[{"embeddable":true,"href":"https:\/\/ifosistanbul2026.org\/en\/wp-json\/wp\/v2\/comments?post=844"}],"version-history":[{"count":13,"href":"https:\/\/ifosistanbul2026.org\/en\/wp-json\/wp\/v2\/pages\/844\/revisions"}],"predecessor-version":[{"id":1361,"href":"https:\/\/ifosistanbul2026.org\/en\/wp-json\/wp\/v2\/pages\/844\/revisions\/1361"}],"wp:attachment":[{"href":"https:\/\/ifosistanbul2026.org\/en\/wp-json\/wp\/v2\/media?parent=844"}],"curies":[{"name":"wp","href":"https:\/\/api.w.org\/{rel}","templated":true}]}}