{"id":858,"date":"2026-03-06T13:38:25","date_gmt":"2026-03-06T13:38:25","guid":{"rendered":"https:\/\/ifos.seolog.tr\/?page_id=858"},"modified":"2026-03-06T13:41:48","modified_gmt":"2026-03-06T13:41:48","slug":"comumunication-information-notice","status":"publish","type":"page","link":"https:\/\/ifosistanbul2026.org\/en\/comumunication-information-notice\/","title":{"rendered":"Comumunication Information Notice \u2013 Concent Forms"},"content":{"rendered":"\t\t<div data-elementor-type=\"wp-page\" data-elementor-id=\"858\" class=\"elementor elementor-858\">\n\t\t\t\t<div class=\"elementor-element elementor-element-2cd9dd6 e-con-full e-flex e-con e-parent\" data-id=\"2cd9dd6\" data-element_type=\"container\" data-e-type=\"container\">\n\t\t\t\t<div class=\"elementor-element elementor-element-31b6f86 elementor-position-inline-start elementor-mobile-position-inline-start elementor-view-default elementor-widget elementor-widget-icon-box\" data-id=\"31b6f86\" data-element_type=\"widget\" data-e-type=\"widget\" data-widget_type=\"icon-box.default\">\n\t\t\t\t\t\t\t<div class=\"elementor-icon-box-wrapper\">\n\n\t\t\t\t\t\t<div class=\"elementor-icon-box-icon\">\n\t\t\t\t<span  class=\"elementor-icon\">\n\t\t\t\t<svg aria-hidden=\"true\" class=\"e-font-icon-svg e-fas-dot-circle\" viewBox=\"0 0 512 512\" xmlns=\"http:\/\/www.w3.org\/2000\/svg\"><path d=\"M256 8C119.033 8 8 119.033 8 256s111.033 248 248 248 248-111.033 248-248S392.967 8 256 8zm80 248c0 44.112-35.888 80-80 80s-80-35.888-80-80 35.888-80 80-80 80 35.888 80 80z\"><\/path><\/svg>\t\t\t\t<\/span>\n\t\t\t<\/div>\n\t\t\t\n\t\t\t\t\t\t<div class=\"elementor-icon-box-content\">\n\n\t\t\t\t\n\t\t\t\t\t\t\t\t\t<p class=\"elementor-icon-box-description\">\n\t\t\t\t\t\tIFOS \u0130stanbul IFOS 2026 ENT World Congress | World Otorhinolaryngology Congress\t\t\t\t\t<\/p>\n\t\t\t\t\n\t\t\t<\/div>\n\t\t\t\n\t\t<\/div>\n\t\t\t\t\t\t<\/div>\n\t\t\t\t<div class=\"elementor-element elementor-element-29c9c8d elementor-widget-divider--view-line elementor-widget elementor-widget-divider\" data-id=\"29c9c8d\" data-element_type=\"widget\" data-e-type=\"widget\" data-widget_type=\"divider.default\">\n\t\t\t\t\t\t\t<div class=\"elementor-divider\">\n\t\t\t<span class=\"elementor-divider-separator\">\n\t\t\t\t\t\t<\/span>\n\t\t<\/div>\n\t\t\t\t\t\t<\/div>\n\t\t\t\t<\/div>\n\t\t<div class=\"elementor-element elementor-element-daa25be e-con-full e-flex e-con e-parent\" data-id=\"daa25be\" data-element_type=\"container\" data-e-type=\"container\">\n\t\t\t\t<div class=\"elementor-element elementor-element-030a622 elementor-widget elementor-widget-heading\" data-id=\"030a622\" data-element_type=\"widget\" data-e-type=\"widget\" data-widget_type=\"heading.default\">\n\t\t\t\t\t<h1 class=\"elementor-heading-title elementor-size-default\">ComumunIcatIon InformatIon NotIce \u2013 Concent Forms\n<\/h1>\t\t\t\t<\/div>\n\t\t\t\t<div class=\"elementor-element elementor-element-0fbe407 elementor-widget elementor-widget-html\" data-id=\"0fbe407\" data-element_type=\"widget\" data-e-type=\"widget\" data-widget_type=\"html.default\">\n\t\t\t\t\t<style>\r\n.attention-button {\r\n    font-family: \"Varela Round\", sans-serif;\r\n  display: inline-block;\r\n  margin-top: 15px;\r\n  padding: 14px 28px;\r\n  background: linear-gradient(135deg, #00c6ff, #0072ff);\r\n  color: #ffffff !important;\r\n  font-weight: 400;\r\n  text-decoration: none !important; \/* Alt \u00e7izgiyi kald\u0131r\u0131r *\/\r\n  border-radius: 50px;\r\n  box-shadow: 0 0 0 rgba(0,114,255,0.6);\r\n  transition: all 0.3s ease;\r\n  animation: pulse 2.2s infinite;\r\n}\r\n\r\n\/* Hover efekti *\/\r\n.attention-button:hover {\r\n  transform: translateY(-3px) scale(1.05);\r\n  box-shadow: 0 10px 25px rgba(0,114,255,0.9);\r\n  background: linear-gradient(135deg, #0072ff, #00c6ff);\r\n  text-decoration: none !important;\r\n}\r\n\r\n\/* Daha b\u00fcy\u00fck dalga animasyonu *\/\r\n@keyframes pulse {\r\n  0% {\r\n    box-shadow: 0 0 0 0 rgba(0,114,255,0.7);\r\n  }\r\n  70% {\r\n    box-shadow: 0 0 0 22px rgba(0,114,255,0); \/* \u2190 Dalga \u00e7ap\u0131 b\u00fcy\u00fct\u00fcld\u00fc *\/\r\n  }\r\n  100% {\r\n    box-shadow: 0 0 0 0 rgba(0,114,255,0);\r\n  }\r\n}<\/style>\t\t\t\t<\/div>\n\t\t\t\t<div class=\"elementor-element elementor-element-4715d3f elementor-widget elementor-widget-html\" data-id=\"4715d3f\" data-element_type=\"widget\" data-e-type=\"widget\" data-widget_type=\"html.default\">\n\t\t\t\t\t<div class=\"download\">\r\n\r\n  <a href=\"\/files\/1e119a38-879c-483b-b967-0b6f6f0b70b0.pdf\" \r\n     target=\"_blank\" \r\n     class=\"attention-button\">\r\n    Click here to download the Communication Information Notice\r\n  <\/a><br>\r\n\r\n  <a href=\"\/files\/004e44a9-8aec-467f-b39d-04e066a478ce.pdf\" \r\n     target=\"_blank\" \r\n     class=\"attention-button\">\r\n    Click here to download the IYS Consent Form\r\n  <\/a><br>\r\n\r\n  <a href=\"\/files\/0ce5bf36-d782-405f-a2dd-629e7b418886.pdf\" \r\n     target=\"_blank\" \r\n     class=\"attention-button\">\r\n    Click here to download the Reservia Information Notice\r\n  <\/a><br>\r\n\r\n  <a href=\"\/files\/7ae9e9c8-bdbb-40b2-a2af-48dae2547a54.pdf\" \r\n     target=\"_blank\" \r\n     class=\"attention-button\">\r\n    Click here to download the Science Next Information Notice Consent Form\r\n  <\/a>\r\n\r\n<\/div>\t\t\t\t<\/div>\n\t\t\t\t<\/div>\n\t\t<div class=\"elementor-element elementor-element-82562ce e-con-full e-flex e-con e-parent\" data-id=\"82562ce\" data-element_type=\"container\" data-e-type=\"container\">\n\t\t\t\t<div class=\"elementor-element elementor-element-4724f72 elementor-widget elementor-widget-spacer\" data-id=\"4724f72\" data-element_type=\"widget\" data-e-type=\"widget\" data-widget_type=\"spacer.default\">\n\t\t\t\t\t\t\t<div class=\"elementor-spacer\">\n\t\t\t<div class=\"elementor-spacer-inner\"><\/div>\n\t\t<\/div>\n\t\t\t\t\t\t<\/div>\n\t\t\t\t<\/div>\n\t\t\t\t<\/div>\n\t\t","protected":false},"excerpt":{"rendered":"<p>IFOS \u0130stanbul IFOS 2026 ENT World Congress | World Otorhinolaryngology Congress ComumunIcatIon InformatIon NotIce \u2013 Concent Forms Click here to download the Communication Information Notice Click here to download the IYS Consent Form Click here to download the Reservia Information Notice Click here to download the Science Next Information Notice Consent Form<\/p>\n","protected":false},"author":1,"featured_media":0,"parent":0,"menu_order":0,"comment_status":"closed","ping_status":"closed","template":"","meta":{"footnotes":""},"class_list":["post-858","page","type-page","status-publish","hentry"],"_links":{"self":[{"href":"https:\/\/ifosistanbul2026.org\/en\/wp-json\/wp\/v2\/pages\/858","targetHints":{"allow":["GET"]}}],"collection":[{"href":"https:\/\/ifosistanbul2026.org\/en\/wp-json\/wp\/v2\/pages"}],"about":[{"href":"https:\/\/ifosistanbul2026.org\/en\/wp-json\/wp\/v2\/types\/page"}],"author":[{"embeddable":true,"href":"https:\/\/ifosistanbul2026.org\/en\/wp-json\/wp\/v2\/users\/1"}],"replies":[{"embeddable":true,"href":"https:\/\/ifosistanbul2026.org\/en\/wp-json\/wp\/v2\/comments?post=858"}],"version-history":[{"count":4,"href":"https:\/\/ifosistanbul2026.org\/en\/wp-json\/wp\/v2\/pages\/858\/revisions"}],"predecessor-version":[{"id":862,"href":"https:\/\/ifosistanbul2026.org\/en\/wp-json\/wp\/v2\/pages\/858\/revisions\/862"}],"wp:attachment":[{"href":"https:\/\/ifosistanbul2026.org\/en\/wp-json\/wp\/v2\/media?parent=858"}],"curies":[{"name":"wp","href":"https:\/\/api.w.org\/{rel}","templated":true}]}}